{"id":72185,"date":"2024-01-10T15:17:54","date_gmt":"2024-01-10T14:17:54","guid":{"rendered":"https:\/\/activeluxe-cosmetics.com\/ba\/?post_type=product&#038;p=72185"},"modified":"2026-04-01T16:46:42","modified_gmt":"2026-04-01T14:46:42","slug":"wild-lash-baza-za-maskaru-i-njegu-trepavica","status":"publish","type":"product","link":"https:\/\/activeluxe-cosmetics.com\/ba\/izdelek\/wild-lash-baza-za-maskaru-i-njegu-trepavica\/","title":{"rendered":"Wild Lash baza za maskaru"},"content":{"rendered":"<p><img loading=\"lazy\" decoding=\"async\" class=\"size-medium wp-image-72266 alignright\" src=\"https:\/\/activeluxe-cosmetics.com\/ba\/wp-content\/uploads\/2024\/01\/kristina-1-460x460.png\" alt=\"\" width=\"460\" height=\"460\" srcset=\"https:\/\/activeluxe-cosmetics.com\/ba\/wp-content\/uploads\/2024\/01\/kristina-1-460x460.png 460w, https:\/\/activeluxe-cosmetics.com\/ba\/wp-content\/uploads\/2024\/01\/kristina-1-100x100.png 100w, https:\/\/activeluxe-cosmetics.com\/ba\/wp-content\/uploads\/2024\/01\/kristina-1-600x600.png 600w, https:\/\/activeluxe-cosmetics.com\/ba\/wp-content\/uploads\/2024\/01\/kristina-1-150x150.png 150w, https:\/\/activeluxe-cosmetics.com\/ba\/wp-content\/uploads\/2024\/01\/kristina-1-768x768.png 768w, https:\/\/activeluxe-cosmetics.com\/ba\/wp-content\/uploads\/2024\/01\/kristina-1-1024x1024.png 1024w, https:\/\/activeluxe-cosmetics.com\/ba\/wp-content\/uploads\/2024\/01\/kristina-1-300x300.png 300w, https:\/\/activeluxe-cosmetics.com\/ba\/wp-content\/uploads\/2024\/01\/kristina-1.png 1080w\" sizes=\"auto, (max-width: 460px) 100vw, 460px\" \/><\/p>\n<h2>Ako jo\u0161 nisi prona\u0161la \u017eeljeni efekat maskare \u2013 <strong>ovo je faktor koji nedostaje!<\/strong><\/h2>\n<div>Da li vam dugo treba da nanesete maskaru? Maskara zapinje, petljate oko o\u010diju, pokvarili ste cijelu \u0161minku, a u \u017eurbi si? Zvu\u010di poznato, zar ne?<\/div>\n<div><\/div>\n<div>Predstavljamo vam rje\u0161enje: Wild Lash baza za nano\u0161enje maskare i njegu trepavica.<\/div>\n<div><\/div>\n<div>Olak\u0161ava nano\u0161enje maskare jer ra\u0161\u010de\u0161ljava i razdvaja trepavice, a formula obla\u017ee, hrani i produ\u017euje svaku trepavicu.<\/div>\n<ul>\n<li><span data-sheets-root=\"1\" data-sheets-value=\"{&quot;1&quot;:2,&quot;2&quot;:&quot;Ra\u0161\u010de\u0161ljava trepavice&quot;}\" data-sheets-userformat=\"{&quot;2&quot;:4480,&quot;10&quot;:0,&quot;11&quot;:4,&quot;15&quot;:&quot;Arial&quot;}\"><strong>Ra\u0161\u010de\u0161ljava<\/strong> trepavice<\/span><\/li>\n<li><span data-sheets-root=\"1\" data-sheets-value=\"{&quot;1&quot;:2,&quot;2&quot;:&quot;Oja\u010dava korijen trepavica&quot;}\" data-sheets-userformat=\"{&quot;2&quot;:4480,&quot;10&quot;:0,&quot;11&quot;:4,&quot;15&quot;:&quot;Arial&quot;}\"><strong>Oja\u010dava<\/strong> korijen trepavica<\/span><\/li>\n<li><span data-sheets-root=\"1\" data-sheets-value=\"{&quot;1&quot;:2,&quot;2&quot;:&quot;\u0160titi trepavice od lomljenja prilikom skidanja \u0161minke&quot;}\" data-sheets-userformat=\"{&quot;2&quot;:4480,&quot;10&quot;:0,&quot;11&quot;:4,&quot;15&quot;:&quot;Arial&quot;}\"><strong>\u0160titi<\/strong> <strong>trepavice<\/strong> od lomljenja prilikom skidanja \u0161minke<\/span><\/li>\n<li><span data-sheets-root=\"1\" data-sheets-value=\"{&quot;1&quot;:2,&quot;2&quot;:&quot;Mogu\u0107e ga je koristiti i samostalno kao balzam za njegu prije spavanja&quot;}\" data-sheets-userformat=\"{&quot;2&quot;:4480,&quot;10&quot;:0,&quot;11&quot;:4,&quot;15&quot;:&quot;Arial&quot;}\">Mogu\u0107e ga je koristiti i samostalno kao balzam za njegu prije spavanja<\/span><\/li>\n<\/ul>\n<h2 style=\"text-align: center; clear: both;\"><\/h2>\n<p>&nbsp;<\/p>\n<p><img loading=\"lazy\" decoding=\"async\" class=\"wp-image-72267 alignleft\" src=\"https:\/\/activeluxe-cosmetics.com\/ba\/wp-content\/uploads\/2024\/01\/katarina_trepke-1-1-460x460.png\" alt=\"\" width=\"429\" height=\"429\" srcset=\"https:\/\/activeluxe-cosmetics.com\/ba\/wp-content\/uploads\/2024\/01\/katarina_trepke-1-1-460x460.png 460w, https:\/\/activeluxe-cosmetics.com\/ba\/wp-content\/uploads\/2024\/01\/katarina_trepke-1-1-100x100.png 100w, https:\/\/activeluxe-cosmetics.com\/ba\/wp-content\/uploads\/2024\/01\/katarina_trepke-1-1-600x600.png 600w, https:\/\/activeluxe-cosmetics.com\/ba\/wp-content\/uploads\/2024\/01\/katarina_trepke-1-1-150x150.png 150w, https:\/\/activeluxe-cosmetics.com\/ba\/wp-content\/uploads\/2024\/01\/katarina_trepke-1-1-768x768.png 768w, https:\/\/activeluxe-cosmetics.com\/ba\/wp-content\/uploads\/2024\/01\/katarina_trepke-1-1-1024x1024.png 1024w, https:\/\/activeluxe-cosmetics.com\/ba\/wp-content\/uploads\/2024\/01\/katarina_trepke-1-1-300x300.png 300w, https:\/\/activeluxe-cosmetics.com\/ba\/wp-content\/uploads\/2024\/01\/katarina_trepke-1-1.png 1080w\" sizes=\"auto, (max-width: 429px) 100vw, 429px\" \/><\/p>\n<h2>Jedina baza za nano\u0161enje maskare koja <strong>djeluje na rast trepavica<\/strong><\/h2>\n<div>Wild Lash je jedina baza za maskaru koja<strong> djeluje i na rast<\/strong> prirodnih trepavica, a istovremeno ih hrani i \u0161titi od ispadanja!<\/div>\n<div><\/div>\n<div>Ova baza sadr\u017ei<strong> inovativnu formulu<\/strong> koja stimuli\u0161e i ja\u010da folikul trepavica. Klini\u010dke studije su pokazale da uz redovnu upotrebu trepavice rastu <strong>2,6x br\u017ee nego ina\u010de<\/strong>!<\/div>\n<div><\/div>\n<div>Dodatni bonus je njegov<strong> njeguju\u0107i efekat<\/strong> &#8211; dubinski hrani i obnavlja trepavice. Sadr\u017ei sastojke koji ja\u010daju folikul dlake trepavica. Kombinacija <strong>ulja jojobe<\/strong>,<strong> suncokretovog ulja<\/strong> i <strong>shea putera<\/strong> dubinski hrani trepavice, \u010dine\u0107i ih fleksibilnima i jakima.<\/div>\n<h2 style=\"text-align: center; clear: both;\"><\/h2>\n<p><img loading=\"lazy\" decoding=\"async\" class=\" wp-image-82430 alignright\" src=\"https:\/\/activeluxe-cosmetics.com\/ba\/wp-content\/uploads\/2024\/01\/wildlashprimer-2-460x575.png\" alt=\"\" width=\"390\" height=\"488\" srcset=\"https:\/\/activeluxe-cosmetics.com\/ba\/wp-content\/uploads\/2024\/01\/wildlashprimer-2-460x575.png 460w, https:\/\/activeluxe-cosmetics.com\/ba\/wp-content\/uploads\/2024\/01\/wildlashprimer-2-819x1024.png 819w, https:\/\/activeluxe-cosmetics.com\/ba\/wp-content\/uploads\/2024\/01\/wildlashprimer-2-768x960.png 768w, https:\/\/activeluxe-cosmetics.com\/ba\/wp-content\/uploads\/2024\/01\/wildlashprimer-2-600x750.png 600w, https:\/\/activeluxe-cosmetics.com\/ba\/wp-content\/uploads\/2024\/01\/wildlashprimer-2.png 1080w\" sizes=\"auto, (max-width: 390px) 100vw, 390px\" \/><\/p>\n<h2>Svi pa\u017eljivo odabrani sastojci <strong>osiguravaju potpunu njegu tvojih trepavica<\/strong><\/h2>\n<p><span data-sheets-root=\"1\" data-sheets-value=\"{&quot;1&quot;:2,&quot;2&quot;:&quot;Ova kremasta formula sadr\u017ei sve \u0161to treba tvojim trepavicama:&quot;}\" data-sheets-userformat=\"{&quot;2&quot;:4480,&quot;10&quot;:0,&quot;11&quot;:4,&quot;15&quot;:&quot;Arial&quot;}\">Ova<strong> kremasta formula<\/strong> sadr\u017ei sve \u0161to treba tvojim trepavicama:<\/span><\/p>\n<ul>\n<li>Ra\u0161\u010de\u0161ljava trepavice, definira ih, uvija i priprema za nano\u0161enje maskare<\/li>\n<li>Trenutno produ\u017eava trepavice prije aplikacije maskare<\/li>\n<li>Djeluje na rast trepavica, koje rastu 2,6x br\u017ee ako se baza koristi svakodnevno<\/li>\n<li>Njega koja trepavicama vra\u0107a snagu i elasti\u010dnost<\/li>\n<li>Omogu\u0107ava intenzivniji efekat maskare<\/li>\n<li>\u0160titi trepavice od o\u0161te\u0107enja do kojih dolazi kod skidanja \u0161minke<\/li>\n<li>Za ja\u010di efekat dugih trepavica nanesite dva sloja<\/li>\n<\/ul>\n<p>&nbsp;<\/p>\n<h3 style=\"clear: both; max-width: 820px;\"><\/h3>\n<div style=\"display: flex; align-items: center; gap: 20px; flex-wrap: wrap;\">\n<p style=\"max-width: 360px;\">\n<\/div>\n","protected":false},"excerpt":{"rendered":"<p>Jedina baza za maskaru koja njeguje prirodne trepavice<\/p>\n","protected":false},"featured_media":80611,"comment_status":"open","ping_status":"closed","template":"","meta":[],"product_brand":[],"product_cat":[48,77],"product_tag":[],"class_list":{"0":"post-72185","1":"product","2":"type-product","3":"status-publish","4":"has-post-thumbnail","6":"product_cat-trepavice","7":"product_cat-makeup","9":"first","10":"instock","11":"taxable","12":"shipping-taxable","13":"purchasable","14":"product-type-simple"},"bundled_by":[],"bundle_stock_status":"instock","bundle_stock_quantity":null,"bundle_virtual":false,"bundle_layout":"","bundle_add_to_cart_form_location":"","bundle_editable_in_cart":false,"bundle_sold_individually_context":"","bundle_item_grouping":"","bundle_min_size":"","bundle_max_size":"","bundled_items":[],"acf":[],"yoast_head":"<!-- This site is optimized with the Yoast SEO plugin v26.5 - https:\/\/yoast.com\/wordpress\/plugins\/seo\/ -->\n<title>Baza za maskaru koja djeluje na rast trepavica - Active Luxe<\/title>\n<meta name=\"description\" content=\"Maskara za guste trepavice bolje \u0107e izgledati uz Wild Lash bazu. Razdvaja slijepljene trepavice. \u2194\ufe0f Omogu\u0107uje rast prirodnih trepavica za 2,6 puta br\u017ee!\" \/>\n<meta name=\"robots\" content=\"index, follow, max-snippet:-1, max-image-preview:large, max-video-preview:-1\" \/>\n<link rel=\"canonical\" href=\"https:\/\/activeluxe-cosmetics.com\/ba\/izdelek\/wild-lash-baza-za-maskaru-i-njegu-trepavica\/\" \/>\n<meta property=\"og:locale\" content=\"hr_HR\" \/>\n<meta property=\"og:type\" content=\"article\" \/>\n<meta property=\"og:title\" content=\"Baza za maskaru koja djeluje na rast trepavica - Active Luxe\" \/>\n<meta property=\"og:description\" content=\"Maskara za guste trepavice bolje \u0107e izgledati uz Wild Lash bazu. Razdvaja slijepljene trepavice. \u2194\ufe0f Omogu\u0107uje rast prirodnih trepavica za 2,6 puta br\u017ee!\" \/>\n<meta property=\"og:url\" content=\"https:\/\/activeluxe-cosmetics.com\/ba\/izdelek\/wild-lash-baza-za-maskaru-i-njegu-trepavica\/\" \/>\n<meta property=\"og:site_name\" content=\"Active Luxe Cosmetics\" \/>\n<meta property=\"article:modified_time\" content=\"2026-04-01T14:46:42+00:00\" \/>\n<meta property=\"og:image\" content=\"https:\/\/activeluxe-cosmetics.com\/ba\/wp-content\/uploads\/2024\/01\/Group-424.jpg\" \/>\n\t<meta property=\"og:image:width\" content=\"522\" \/>\n\t<meta property=\"og:image:height\" content=\"663\" \/>\n\t<meta property=\"og:image:type\" content=\"image\/jpeg\" \/>\n<meta name=\"twitter:card\" content=\"summary_large_image\" \/>\n<meta name=\"twitter:label1\" content=\"Procijenjeno vrijeme \u010ditanja\" \/>\n\t<meta name=\"twitter:data1\" content=\"3 minute\" \/>\n<script type=\"application\/ld+json\" class=\"yoast-schema-graph\">{\"@context\":\"https:\/\/schema.org\",\"@graph\":[{\"@type\":\"WebPage\",\"@id\":\"https:\/\/activeluxe-cosmetics.com\/ba\/izdelek\/wild-lash-baza-za-maskaru-i-njegu-trepavica\/\",\"url\":\"https:\/\/activeluxe-cosmetics.com\/ba\/izdelek\/wild-lash-baza-za-maskaru-i-njegu-trepavica\/\",\"name\":\"Baza za maskaru koja djeluje na rast trepavica - Active Luxe\",\"isPartOf\":{\"@id\":\"https:\/\/activeluxe-cosmetics.com\/ba\/#website\"},\"primaryImageOfPage\":{\"@id\":\"https:\/\/activeluxe-cosmetics.com\/ba\/izdelek\/wild-lash-baza-za-maskaru-i-njegu-trepavica\/#primaryimage\"},\"image\":{\"@id\":\"https:\/\/activeluxe-cosmetics.com\/ba\/izdelek\/wild-lash-baza-za-maskaru-i-njegu-trepavica\/#primaryimage\"},\"thumbnailUrl\":\"https:\/\/activeluxe-cosmetics.com\/ba\/wp-content\/uploads\/2024\/01\/Group-424.jpg\",\"datePublished\":\"2024-01-10T14:17:54+00:00\",\"dateModified\":\"2026-04-01T14:46:42+00:00\",\"description\":\"Maskara za guste trepavice bolje \u0107e izgledati uz Wild Lash bazu. Razdvaja slijepljene trepavice. \u2194\ufe0f Omogu\u0107uje rast prirodnih trepavica za 2,6 puta br\u017ee!\",\"breadcrumb\":{\"@id\":\"https:\/\/activeluxe-cosmetics.com\/ba\/izdelek\/wild-lash-baza-za-maskaru-i-njegu-trepavica\/#breadcrumb\"},\"inLanguage\":\"hr\",\"potentialAction\":[{\"@type\":\"ReadAction\",\"target\":[\"https:\/\/activeluxe-cosmetics.com\/ba\/izdelek\/wild-lash-baza-za-maskaru-i-njegu-trepavica\/\"]}]},{\"@type\":\"ImageObject\",\"inLanguage\":\"hr\",\"@id\":\"https:\/\/activeluxe-cosmetics.com\/ba\/izdelek\/wild-lash-baza-za-maskaru-i-njegu-trepavica\/#primaryimage\",\"url\":\"https:\/\/activeluxe-cosmetics.com\/ba\/wp-content\/uploads\/2024\/01\/Group-424.jpg\",\"contentUrl\":\"https:\/\/activeluxe-cosmetics.com\/ba\/wp-content\/uploads\/2024\/01\/Group-424.jpg\",\"width\":522,\"height\":663},{\"@type\":\"BreadcrumbList\",\"@id\":\"https:\/\/activeluxe-cosmetics.com\/ba\/izdelek\/wild-lash-baza-za-maskaru-i-njegu-trepavica\/#breadcrumb\",\"itemListElement\":[{\"@type\":\"ListItem\",\"position\":1,\"name\":\"Naslovnica\",\"item\":\"https:\/\/activeluxe-cosmetics.com\/ba\/\"},{\"@type\":\"ListItem\",\"position\":2,\"name\":\"Trgovina\",\"item\":\"https:\/\/activeluxe-cosmetics.com\/ba\/trgovina\/\"},{\"@type\":\"ListItem\",\"position\":3,\"name\":\"Wild Lash baza za maskaru\"}]},{\"@type\":\"WebSite\",\"@id\":\"https:\/\/activeluxe-cosmetics.com\/ba\/#website\",\"url\":\"https:\/\/activeluxe-cosmetics.com\/ba\/\",\"name\":\"Active Luxe Cosmetics\",\"description\":\"\",\"potentialAction\":[{\"@type\":\"SearchAction\",\"target\":{\"@type\":\"EntryPoint\",\"urlTemplate\":\"https:\/\/activeluxe-cosmetics.com\/ba\/?s={search_term_string}\"},\"query-input\":{\"@type\":\"PropertyValueSpecification\",\"valueRequired\":true,\"valueName\":\"search_term_string\"}}],\"inLanguage\":\"hr\"}]}<\/script>\n<!-- \/ Yoast SEO plugin. -->","yoast_head_json":{"title":"Baza za maskaru koja djeluje na rast trepavica - Active Luxe","description":"Maskara za guste trepavice bolje \u0107e izgledati uz Wild Lash bazu. Razdvaja slijepljene trepavice. \u2194\ufe0f Omogu\u0107uje rast prirodnih trepavica za 2,6 puta br\u017ee!","robots":{"index":"index","follow":"follow","max-snippet":"max-snippet:-1","max-image-preview":"max-image-preview:large","max-video-preview":"max-video-preview:-1"},"canonical":"https:\/\/activeluxe-cosmetics.com\/ba\/izdelek\/wild-lash-baza-za-maskaru-i-njegu-trepavica\/","og_locale":"hr_HR","og_type":"article","og_title":"Baza za maskaru koja djeluje na rast trepavica - Active Luxe","og_description":"Maskara za guste trepavice bolje \u0107e izgledati uz Wild Lash bazu. Razdvaja slijepljene trepavice. \u2194\ufe0f Omogu\u0107uje rast prirodnih trepavica za 2,6 puta br\u017ee!","og_url":"https:\/\/activeluxe-cosmetics.com\/ba\/izdelek\/wild-lash-baza-za-maskaru-i-njegu-trepavica\/","og_site_name":"Active Luxe Cosmetics","article_modified_time":"2026-04-01T14:46:42+00:00","og_image":[{"width":522,"height":663,"url":"https:\/\/activeluxe-cosmetics.com\/ba\/wp-content\/uploads\/2024\/01\/Group-424.jpg","type":"image\/jpeg"}],"twitter_card":"summary_large_image","twitter_misc":{"Procijenjeno vrijeme \u010ditanja":"3 minute"},"schema":{"@context":"https:\/\/schema.org","@graph":[{"@type":"WebPage","@id":"https:\/\/activeluxe-cosmetics.com\/ba\/izdelek\/wild-lash-baza-za-maskaru-i-njegu-trepavica\/","url":"https:\/\/activeluxe-cosmetics.com\/ba\/izdelek\/wild-lash-baza-za-maskaru-i-njegu-trepavica\/","name":"Baza za maskaru koja djeluje na rast trepavica - Active Luxe","isPartOf":{"@id":"https:\/\/activeluxe-cosmetics.com\/ba\/#website"},"primaryImageOfPage":{"@id":"https:\/\/activeluxe-cosmetics.com\/ba\/izdelek\/wild-lash-baza-za-maskaru-i-njegu-trepavica\/#primaryimage"},"image":{"@id":"https:\/\/activeluxe-cosmetics.com\/ba\/izdelek\/wild-lash-baza-za-maskaru-i-njegu-trepavica\/#primaryimage"},"thumbnailUrl":"https:\/\/activeluxe-cosmetics.com\/ba\/wp-content\/uploads\/2024\/01\/Group-424.jpg","datePublished":"2024-01-10T14:17:54+00:00","dateModified":"2026-04-01T14:46:42+00:00","description":"Maskara za guste trepavice bolje \u0107e izgledati uz Wild Lash bazu. Razdvaja slijepljene trepavice. \u2194\ufe0f Omogu\u0107uje rast prirodnih trepavica za 2,6 puta br\u017ee!","breadcrumb":{"@id":"https:\/\/activeluxe-cosmetics.com\/ba\/izdelek\/wild-lash-baza-za-maskaru-i-njegu-trepavica\/#breadcrumb"},"inLanguage":"hr","potentialAction":[{"@type":"ReadAction","target":["https:\/\/activeluxe-cosmetics.com\/ba\/izdelek\/wild-lash-baza-za-maskaru-i-njegu-trepavica\/"]}]},{"@type":"ImageObject","inLanguage":"hr","@id":"https:\/\/activeluxe-cosmetics.com\/ba\/izdelek\/wild-lash-baza-za-maskaru-i-njegu-trepavica\/#primaryimage","url":"https:\/\/activeluxe-cosmetics.com\/ba\/wp-content\/uploads\/2024\/01\/Group-424.jpg","contentUrl":"https:\/\/activeluxe-cosmetics.com\/ba\/wp-content\/uploads\/2024\/01\/Group-424.jpg","width":522,"height":663},{"@type":"BreadcrumbList","@id":"https:\/\/activeluxe-cosmetics.com\/ba\/izdelek\/wild-lash-baza-za-maskaru-i-njegu-trepavica\/#breadcrumb","itemListElement":[{"@type":"ListItem","position":1,"name":"Naslovnica","item":"https:\/\/activeluxe-cosmetics.com\/ba\/"},{"@type":"ListItem","position":2,"name":"Trgovina","item":"https:\/\/activeluxe-cosmetics.com\/ba\/trgovina\/"},{"@type":"ListItem","position":3,"name":"Wild Lash baza za maskaru"}]},{"@type":"WebSite","@id":"https:\/\/activeluxe-cosmetics.com\/ba\/#website","url":"https:\/\/activeluxe-cosmetics.com\/ba\/","name":"Active Luxe Cosmetics","description":"","potentialAction":[{"@type":"SearchAction","target":{"@type":"EntryPoint","urlTemplate":"https:\/\/activeluxe-cosmetics.com\/ba\/?s={search_term_string}"},"query-input":{"@type":"PropertyValueSpecification","valueRequired":true,"valueName":"search_term_string"}}],"inLanguage":"hr"}]}},"_links":{"self":[{"href":"https:\/\/activeluxe-cosmetics.com\/ba\/wp-json\/wp\/v2\/product\/72185","targetHints":{"allow":["GET"]}}],"collection":[{"href":"https:\/\/activeluxe-cosmetics.com\/ba\/wp-json\/wp\/v2\/product"}],"about":[{"href":"https:\/\/activeluxe-cosmetics.com\/ba\/wp-json\/wp\/v2\/types\/product"}],"replies":[{"embeddable":true,"href":"https:\/\/activeluxe-cosmetics.com\/ba\/wp-json\/wp\/v2\/comments?post=72185"}],"wp:featuredmedia":[{"embeddable":true,"href":"https:\/\/activeluxe-cosmetics.com\/ba\/wp-json\/wp\/v2\/media\/80611"}],"wp:attachment":[{"href":"https:\/\/activeluxe-cosmetics.com\/ba\/wp-json\/wp\/v2\/media?parent=72185"}],"wp:term":[{"taxonomy":"product_brand","embeddable":true,"href":"https:\/\/activeluxe-cosmetics.com\/ba\/wp-json\/wp\/v2\/product_brand?post=72185"},{"taxonomy":"product_cat","embeddable":true,"href":"https:\/\/activeluxe-cosmetics.com\/ba\/wp-json\/wp\/v2\/product_cat?post=72185"},{"taxonomy":"product_tag","embeddable":true,"href":"https:\/\/activeluxe-cosmetics.com\/ba\/wp-json\/wp\/v2\/product_tag?post=72185"}],"curies":[{"name":"wp","href":"https:\/\/api.w.org\/{rel}","templated":true}]}}