{"id":72182,"date":"2024-01-10T15:17:54","date_gmt":"2024-01-10T14:17:54","guid":{"rendered":"https:\/\/activeluxe-cosmetics.com\/ba\/?post_type=product&#038;p=72182"},"modified":"2026-04-01T16:27:32","modified_gmt":"2026-04-01T14:27:32","slug":"serum-za-rast-trepavica","status":"publish","type":"product","link":"https:\/\/activeluxe-cosmetics.com\/ba\/izdelek\/serum-za-rast-trepavica\/","title":{"rendered":"Serum za rast trepavica"},"content":{"rendered":"<p><img loading=\"lazy\" decoding=\"async\" class=\" wp-image-81968 alignright\" src=\"https:\/\/activeluxe-cosmetics.com\/ba\/wp-content\/uploads\/2024\/01\/Izdelek-brez-naslova-40-819x1024-1-460x575.png\" alt=\"\" width=\"390\" height=\"488\" srcset=\"https:\/\/activeluxe-cosmetics.com\/ba\/wp-content\/uploads\/2024\/01\/Izdelek-brez-naslova-40-819x1024-1-460x575.png 460w, https:\/\/activeluxe-cosmetics.com\/ba\/wp-content\/uploads\/2024\/01\/Izdelek-brez-naslova-40-819x1024-1-768x960.png 768w, https:\/\/activeluxe-cosmetics.com\/ba\/wp-content\/uploads\/2024\/01\/Izdelek-brez-naslova-40-819x1024-1-600x750.png 600w, https:\/\/activeluxe-cosmetics.com\/ba\/wp-content\/uploads\/2024\/01\/Izdelek-brez-naslova-40-819x1024-1.png 819w\" sizes=\"auto, (max-width: 390px) 100vw, 390px\" \/><\/p>\n<h2><span data-sheets-root=\"1\" data-sheets-value=\"{&quot;1&quot;:2,&quot;2&quot;:&quot;Serum za prirodne trepavice dokle god pogled se\u017ee&quot;}\" data-sheets-userformat=\"{&quot;2&quot;:897,&quot;3&quot;:{&quot;1&quot;:0},&quot;10&quot;:0,&quot;11&quot;:4,&quot;12&quot;:0}\">Serum za prirodne trepavice <strong>dokle god pogled se\u017ee<\/strong><\/span><\/h2>\n<p><span data-sheets-root=\"1\" data-sheets-value=\"{&quot;1&quot;:2,&quot;2&quot;:&quot;Iza Active Luxe Lash seruma stoje prave \u017eene, ba\u0161 kao i vi - zato ova jedinstvena formula za pobolj\u0161anje prirodnih trepavica sadr\u017ei samo pa\u017eljivo odabrane, testirane, bezbedne i efikasne sastojke.\\r\\n&quot;}\" data-sheets-userformat=\"{&quot;2&quot;:897,&quot;3&quot;:{&quot;1&quot;:0},&quot;10&quot;:0,&quot;11&quot;:4,&quot;12&quot;:0}\">Iza Active Luxe Lash seruma stoje prave \u017eene, ba\u0161 kao \u0161to si ti &#8211; zato ova <strong>jedinstvena formula za produ\u017eavanje prirodnih trepavica<\/strong> sadr\u017ei samo pa\u017eljivo odabrane, testirane, sigurne i efikasne sastojke.<\/span><\/p>\n<p>Vi\u0161e od 400.000 zadovoljnih korisnica potvr\u0111uje zadivljuju\u0107e rezultate ve\u0107 nakon 2 sedmice kori\u0161tenja seruma. Trepavice postaju du\u017ee, gu\u0161\u0107e, tamnije i uvijenije. Tvoj pogled \u0107e postati jo\u0161 prodorniji i zavodljiviji.<\/p>\n<ul>\n<li><strong>do 50 % du\u017ee<\/strong> za samo dvije sedmice<\/li>\n<li><strong>do 100 % du\u017ee<\/strong> i gu\u0161\u0107e trepavice nakon zavr\u0161enog tretmana<\/li>\n<li><strong>do 100% tamnije<\/strong> i jo\u0161 efektnije trepavice<\/li>\n<li><strong>do 73 % uvijenije<\/strong> trepavice<\/li>\n<\/ul>\n<p>&nbsp;<\/p>\n<p><a href=\"https:\/\/activeluxe-cosmetics.com\/ba\/wp-content\/uploads\/2025\/06\/mjerac_za_trepavice_active_luxe.pdf\"><strong data-start=\"50\" data-end=\"87\">Preuzmi svoj mjera\u010d za trepavice!<\/strong><\/a><br data-start=\"87\" data-end=\"90\" \/>Uz njega mo\u017ee\u0161 jednostavno pratiti du\u017einu svojih trepavica prije i nakon kori\u0161tenja seruma. Od\u0161tampaj ga, prisloni uz oko i zabilje\u017ei napredak \u2013 jer svaki milimetar se broji!<\/p>\n<h2 style=\"text-align: center; clear: both;\"><\/h2>\n<h3><img loading=\"lazy\" decoding=\"async\" class=\" wp-image-81969 alignleft\" src=\"https:\/\/activeluxe-cosmetics.com\/ba\/wp-content\/uploads\/2024\/01\/Izdelek-brez-naslova-37-819x1024-1-460x575.png\" alt=\"\" width=\"390\" height=\"488\" srcset=\"https:\/\/activeluxe-cosmetics.com\/ba\/wp-content\/uploads\/2024\/01\/Izdelek-brez-naslova-37-819x1024-1-460x575.png 460w, https:\/\/activeluxe-cosmetics.com\/ba\/wp-content\/uploads\/2024\/01\/Izdelek-brez-naslova-37-819x1024-1-768x960.png 768w, https:\/\/activeluxe-cosmetics.com\/ba\/wp-content\/uploads\/2024\/01\/Izdelek-brez-naslova-37-819x1024-1-600x750.png 600w, https:\/\/activeluxe-cosmetics.com\/ba\/wp-content\/uploads\/2024\/01\/Izdelek-brez-naslova-37-819x1024-1.png 819w\" sizes=\"auto, (max-width: 390px) 100vw, 390px\" \/><\/h3>\n<h2>Za\u0161to je Active Luxe Lash serum<strong> za rast trepavica tako efikasan<\/strong>?<\/h2>\n<div>Stru\u010dnjaci iz oblasti hemije i farmacije u na\u0161em laboratoriju razvili su jedinstvenu formulu sa <strong>aktivnim sastojkom<\/strong> koji djeluje direktno na folikul dlake trepavice i produ\u017eava fazu rasta.<\/div>\n<div><\/div>\n<div>Serum ve\u0107 nakon <strong>2 sedmice<\/strong> kori\u0161tenja pospje\u0161uje <strong>vidljiv rast \u010dak i najtanjih i najrje\u0111ih trepavica<\/strong> te spre\u010dava njihovo ispadanje.<\/div>\n<div>Trepavice dosti\u017eu <strong>maksimalnu du\u017einu nakon mjese<\/strong>c dana redovne upotrebe (nano\u0161enje jednom dnevno).<\/div>\n<div><\/div>\n<div>Active Lash serum je <strong>klini\u010dki testiran<\/strong>, pa je pogodan i za najosjetljivije o\u010di. Proizvod je veganski, potpuno siguran i ne iritira o\u010di. Klini\u010dko istra\u017eivanje potvr\u0111uje nezavisni slovenski oftalmolog dr. Beltram, koji je potvrdio da je serum za rast trepavica <strong>100% efikasan<\/strong> i siguran \u010dak i za osjetljive o\u010di. Jedini je originalni slovenski serum za rast trepavica na na\u0161em tr\u017ei\u0161tu, zbog \u010dega je zajam\u010deno proizveden od <strong>provjerenih<\/strong> i <strong>sigurnih sastojaka<\/strong>.<\/div>\n<div><\/div>\n<div><\/div>\n<div><\/div>\n<h2 style=\"text-align: center; clear: both;\"><\/h2>\n<h3><img loading=\"lazy\" decoding=\"async\" class=\" wp-image-81970 alignright\" src=\"https:\/\/activeluxe-cosmetics.com\/ba\/wp-content\/uploads\/2024\/01\/Izdelek-brez-naslova-39-819x1024-1-460x575.png\" alt=\"\" width=\"390\" height=\"488\" srcset=\"https:\/\/activeluxe-cosmetics.com\/ba\/wp-content\/uploads\/2024\/01\/Izdelek-brez-naslova-39-819x1024-1-460x575.png 460w, https:\/\/activeluxe-cosmetics.com\/ba\/wp-content\/uploads\/2024\/01\/Izdelek-brez-naslova-39-819x1024-1-768x960.png 768w, https:\/\/activeluxe-cosmetics.com\/ba\/wp-content\/uploads\/2024\/01\/Izdelek-brez-naslova-39-819x1024-1-600x750.png 600w, https:\/\/activeluxe-cosmetics.com\/ba\/wp-content\/uploads\/2024\/01\/Izdelek-brez-naslova-39-819x1024-1.png 819w\" sizes=\"auto, (max-width: 390px) 100vw, 390px\" \/><\/h3>\n<h2><strong>Sprije\u010dite ispadanje<\/strong> trepavica!<\/h2>\n<p><span data-sheets-root=\"1\" data-sheets-value=\"{&quot;1&quot;:2,&quot;2&quot;:&quot;Svaka trepavica na va\u0161em kapku ima svoj \u017eivotni ciklus, koji zavisi od gustine, du\u017eine i punoc\u0301e cele trepavice. Ovaj ciklus se sastoji od 3 faze: anagene, katagene i telogene faze.\\r\\n&quot;}\" data-sheets-userformat=\"{&quot;2&quot;:897,&quot;3&quot;:{&quot;1&quot;:0},&quot;10&quot;:0,&quot;11&quot;:4,&quot;12&quot;:0}\">Svaka trepavica na tvojem kapku ima <strong>svoj \u017eivotni ciklus<\/strong> od kojeg zavisi gusto\u0107a, du\u017eina i puno\u0107a cijelih trepavica. Taj ciklus se sastoji od<strong> 3 faze<\/strong>: <strong>anagene<\/strong>, <strong>katagene<\/strong> i <strong>telogene faze<\/strong>.<\/span><\/p>\n<ul>\n<li><strong>Anagena<\/strong> <strong>faza<\/strong> ili faza rasta je najva\u017eniji dio ciklusa jer u njoj trepavica raste, folikul lu\u010di melanin, trepavica je jaka i \u010dvrsta. Kod trepavica ova faza traje 2-5 mjeseci (za razliku od kose kod koje traje 2-5 godina).<\/li>\n<li><strong>Katagena<\/strong> <strong>faza<\/strong> ili faza mirovanja ozna\u010dava kraj rasta trepavica. Folikul dlake po\u010dinje da propada, a sa njim i trepavica. Faza mirovanja je veoma kratka i traje oko 2 sedmice.<\/li>\n<li><span data-sheets-root=\"1\" data-sheets-value=\"{&quot;1&quot;:2,&quot;2&quot;:&quot;3. Faza telogena ili faza opadanja ozna\u010dava opadanje trepavica. Ova faza traje od 4 do 9 meseci. Vi\u0161e od polovine trepavica je u ovoj fazi u odre\u0111enom trenutku.\\n&quot;}\" data-sheets-userformat=\"{&quot;2&quot;:897,&quot;3&quot;:{&quot;1&quot;:0},&quot;10&quot;:0,&quot;11&quot;:4,&quot;12&quot;:0}\"><strong>Telogena<\/strong> <strong>faza<\/strong> ili faza opadanja ozna\u010dava ispadanje trepavica. Ova faza kod trepavica traje 4 do 9 mjeseci. U bilo kojem trenutku je u ovoj fazi vi\u0161e od polovine trepavica.<\/span><\/li>\n<\/ul>\n<p><span data-sheets-root=\"1\" data-sheets-value=\"{&quot;1&quot;:2,&quot;2&quot;:&quot;Active Luxe Lash ja\u010da trepavice u anagenoj fazi, \u010dinec\u0301i ih ja\u010dim, otpornijim i trepavicama pru\u017ea du\u017ei vek trajanja! \\r\\n&quot;}\" data-sheets-userformat=\"{&quot;2&quot;:897,&quot;3&quot;:{&quot;1&quot;:0},&quot;10&quot;:0,&quot;11&quot;:4,&quot;12&quot;:0}\">Active Luxe Lash<strong> ja\u010da trepavice u anagenoj fazi<\/strong>, \u010dine\u0107i ih ja\u010dima, otpornijima i du\u017eega \u017eivotnog vijeka!<\/span><\/p>\n<p><a href=\"https:\/\/activeluxe-cosmetics.com\/ba\/wp-content\/uploads\/2025\/06\/mjerac_za_trepavice_active_luxe.pdf\"><strong data-start=\"50\" data-end=\"87\">Preuzmi svoj mjera\u010d za trepavice!<\/strong><\/a><\/p>\n<p>&nbsp;<\/p>\n<h2 style=\"text-align: center; clear: both;\"><\/h2>\n<h4 style=\"clear: both; text-align: center;\"><span data-sheets-root=\"1\" data-sheets-value=\"{&quot;1&quot;:2,&quot;2&quot;:&quot;\u201ePotvrdili smo jasanu efikasnost kozmeti\u010dkog proizvoda Active-Luxe Lash na rast trepavica. U studijskoj grupi du\u017eina trepavica je povec\u0301ana za 2,6 mm (39%). Razlika u povec\u0301anju du\u017eine trepavica se primeti vec\u0301 nakon dve nedelje redovnog kori\u0161\u0107enja. Maksimalni rast je postignut kod jedne od volonterki, i to za 2 nedelje du\u017eina trepavica se povec\u0301ala za \u010dak 50%, a nakon 13 nedelja \u010dak za 100%. \\&quot;\\n&quot;}\" data-sheets-userformat=\"{&quot;2&quot;:897,&quot;3&quot;:{&quot;1&quot;:0},&quot;10&quot;:0,&quot;11&quot;:4,&quot;12&quot;:0}\">\u201ePotvrdili smo nesumnjiv i jasan u\u010dinak kozmeti\u010dkog proizvoda Active Luxe Lash na rast trepavica. U ispitivanoj grupi du\u017eina trepavica je pove\u0107ana za 2,6 mm (39%). Razlika u pove\u0107anju du\u017eine trepavica je statisti\u010dki zna\u010dajna ve\u0107 od 2. sedmice nadalje. Maksimalan rast je postignut kod jedne od volonterki, naime za 2 sedmice du\u017eina trepavica se pove\u0107ala za \u010dak 50%, a nakon 13 sedmica za \u010dak 100%.\u201c<br \/>\n<\/span><\/h4>\n<div style=\"display: flex; align-items: center; gap: 20px; flex-wrap: wrap; justify-content: center;\">\n<p><img loading=\"lazy\" decoding=\"async\" class=\"size-full wp-image-72610\" src=\"https:\/\/activeluxe-cosmetics.com\/ba\/wp-content\/uploads\/2024\/01\/Mask-group-1.png\" alt=\"\" width=\"83\" height=\"83\" \/><\/p>\n<p style=\"max-width: 360px;\">Zaklju\u010dio je oftalmolog dr. Beltram u svojoj nezavisnoj klini\u010dkoj studiji koja dokazuje efikasnost seruma.<\/p>\n<\/div>\n","protected":false},"excerpt":{"rendered":"<p>Za du\u017ee prirodne trepavice u samo nekoliko sedmica. Klini\u010dki testiran.<\/p>\n","protected":false},"featured_media":82009,"comment_status":"open","ping_status":"closed","template":"","meta":[],"product_brand":[],"product_cat":[48,76],"product_tag":[],"class_list":{"0":"post-72182","1":"product","2":"type-product","3":"status-publish","4":"has-post-thumbnail","6":"product_cat-trepavice","7":"product_cat-serumi","9":"first","10":"instock","11":"sale","12":"featured","13":"taxable","14":"shipping-taxable","15":"purchasable","16":"product-type-variable"},"bundled_by":[],"bundle_stock_status":"instock","bundle_stock_quantity":null,"bundle_virtual":false,"bundle_layout":"","bundle_add_to_cart_form_location":"","bundle_editable_in_cart":false,"bundle_sold_individually_context":"","bundle_item_grouping":"","bundle_min_size":"","bundle_max_size":"","bundled_items":[],"acf":[],"yoast_head":"<!-- This site is optimized with the Yoast SEO plugin v26.5 - https:\/\/yoast.com\/wordpress\/plugins\/seo\/ -->\n<title>Serum za rast trepavica - Active Luxe Cosmetics<\/title>\n<meta name=\"description\" content=\"Klini\u010dki testiran Active Luxe serum za rast trepavica odu\u0161evljava \u010dak 400.000 korisnica u Europi. Za du\u017ee prirodne trepavice u 2 tjedna.\" \/>\n<meta name=\"robots\" content=\"index, follow, max-snippet:-1, max-image-preview:large, max-video-preview:-1\" \/>\n<link rel=\"canonical\" href=\"https:\/\/activeluxe-cosmetics.com\/ba\/izdelek\/serum-za-rast-trepavica\/\" \/>\n<meta property=\"og:locale\" content=\"hr_HR\" \/>\n<meta property=\"og:type\" content=\"article\" \/>\n<meta property=\"og:title\" content=\"Serum za rast trepavica - Active Luxe Cosmetics\" \/>\n<meta property=\"og:description\" content=\"Klini\u010dki testiran Active Luxe serum za rast trepavica odu\u0161evljava \u010dak 400.000 korisnica u Europi. Za du\u017ee prirodne trepavice u 2 tjedna.\" \/>\n<meta property=\"og:url\" content=\"https:\/\/activeluxe-cosmetics.com\/ba\/izdelek\/serum-za-rast-trepavica\/\" \/>\n<meta property=\"og:site_name\" content=\"Active Luxe Cosmetics\" \/>\n<meta property=\"article:modified_time\" content=\"2026-04-01T14:27:32+00:00\" \/>\n<meta property=\"og:image\" content=\"https:\/\/activeluxe-cosmetics.com\/ba\/wp-content\/uploads\/2024\/01\/Lash_serum-1.jpg\" \/>\n\t<meta property=\"og:image:width\" content=\"783\" \/>\n\t<meta property=\"og:image:height\" content=\"995\" \/>\n\t<meta property=\"og:image:type\" content=\"image\/jpeg\" \/>\n<meta name=\"twitter:card\" content=\"summary_large_image\" \/>\n<meta name=\"twitter:label1\" content=\"Procijenjeno vrijeme \u010ditanja\" \/>\n\t<meta name=\"twitter:data1\" content=\"4 minute\" \/>\n<script type=\"application\/ld+json\" class=\"yoast-schema-graph\">{\"@context\":\"https:\/\/schema.org\",\"@graph\":[{\"@type\":\"WebPage\",\"@id\":\"https:\/\/activeluxe-cosmetics.com\/ba\/izdelek\/serum-za-rast-trepavica\/\",\"url\":\"https:\/\/activeluxe-cosmetics.com\/ba\/izdelek\/serum-za-rast-trepavica\/\",\"name\":\"Serum za rast trepavica - Active Luxe Cosmetics\",\"isPartOf\":{\"@id\":\"https:\/\/activeluxe-cosmetics.com\/ba\/#website\"},\"primaryImageOfPage\":{\"@id\":\"https:\/\/activeluxe-cosmetics.com\/ba\/izdelek\/serum-za-rast-trepavica\/#primaryimage\"},\"image\":{\"@id\":\"https:\/\/activeluxe-cosmetics.com\/ba\/izdelek\/serum-za-rast-trepavica\/#primaryimage\"},\"thumbnailUrl\":\"https:\/\/activeluxe-cosmetics.com\/ba\/wp-content\/uploads\/2024\/01\/Lash_serum-1.jpg\",\"datePublished\":\"2024-01-10T14:17:54+00:00\",\"dateModified\":\"2026-04-01T14:27:32+00:00\",\"description\":\"Klini\u010dki testiran Active Luxe serum za rast trepavica odu\u0161evljava \u010dak 400.000 korisnica u Europi. Za du\u017ee prirodne trepavice u 2 tjedna.\",\"breadcrumb\":{\"@id\":\"https:\/\/activeluxe-cosmetics.com\/ba\/izdelek\/serum-za-rast-trepavica\/#breadcrumb\"},\"inLanguage\":\"hr\",\"potentialAction\":[{\"@type\":\"ReadAction\",\"target\":[\"https:\/\/activeluxe-cosmetics.com\/ba\/izdelek\/serum-za-rast-trepavica\/\"]}]},{\"@type\":\"ImageObject\",\"inLanguage\":\"hr\",\"@id\":\"https:\/\/activeluxe-cosmetics.com\/ba\/izdelek\/serum-za-rast-trepavica\/#primaryimage\",\"url\":\"https:\/\/activeluxe-cosmetics.com\/ba\/wp-content\/uploads\/2024\/01\/Lash_serum-1.jpg\",\"contentUrl\":\"https:\/\/activeluxe-cosmetics.com\/ba\/wp-content\/uploads\/2024\/01\/Lash_serum-1.jpg\",\"width\":783,\"height\":995},{\"@type\":\"BreadcrumbList\",\"@id\":\"https:\/\/activeluxe-cosmetics.com\/ba\/izdelek\/serum-za-rast-trepavica\/#breadcrumb\",\"itemListElement\":[{\"@type\":\"ListItem\",\"position\":1,\"name\":\"Naslovnica\",\"item\":\"https:\/\/activeluxe-cosmetics.com\/ba\/\"},{\"@type\":\"ListItem\",\"position\":2,\"name\":\"Trgovina\",\"item\":\"https:\/\/activeluxe-cosmetics.com\/ba\/trgovina\/\"},{\"@type\":\"ListItem\",\"position\":3,\"name\":\"Serum za rast trepavica\"}]},{\"@type\":\"WebSite\",\"@id\":\"https:\/\/activeluxe-cosmetics.com\/ba\/#website\",\"url\":\"https:\/\/activeluxe-cosmetics.com\/ba\/\",\"name\":\"Active Luxe Cosmetics\",\"description\":\"\",\"potentialAction\":[{\"@type\":\"SearchAction\",\"target\":{\"@type\":\"EntryPoint\",\"urlTemplate\":\"https:\/\/activeluxe-cosmetics.com\/ba\/?s={search_term_string}\"},\"query-input\":{\"@type\":\"PropertyValueSpecification\",\"valueRequired\":true,\"valueName\":\"search_term_string\"}}],\"inLanguage\":\"hr\"}]}<\/script>\n<!-- \/ Yoast SEO plugin. -->","yoast_head_json":{"title":"Serum za rast trepavica - Active Luxe Cosmetics","description":"Klini\u010dki testiran Active Luxe serum za rast trepavica odu\u0161evljava \u010dak 400.000 korisnica u Europi. Za du\u017ee prirodne trepavice u 2 tjedna.","robots":{"index":"index","follow":"follow","max-snippet":"max-snippet:-1","max-image-preview":"max-image-preview:large","max-video-preview":"max-video-preview:-1"},"canonical":"https:\/\/activeluxe-cosmetics.com\/ba\/izdelek\/serum-za-rast-trepavica\/","og_locale":"hr_HR","og_type":"article","og_title":"Serum za rast trepavica - Active Luxe Cosmetics","og_description":"Klini\u010dki testiran Active Luxe serum za rast trepavica odu\u0161evljava \u010dak 400.000 korisnica u Europi. Za du\u017ee prirodne trepavice u 2 tjedna.","og_url":"https:\/\/activeluxe-cosmetics.com\/ba\/izdelek\/serum-za-rast-trepavica\/","og_site_name":"Active Luxe Cosmetics","article_modified_time":"2026-04-01T14:27:32+00:00","og_image":[{"width":783,"height":995,"url":"https:\/\/activeluxe-cosmetics.com\/ba\/wp-content\/uploads\/2024\/01\/Lash_serum-1.jpg","type":"image\/jpeg"}],"twitter_card":"summary_large_image","twitter_misc":{"Procijenjeno vrijeme \u010ditanja":"4 minute"},"schema":{"@context":"https:\/\/schema.org","@graph":[{"@type":"WebPage","@id":"https:\/\/activeluxe-cosmetics.com\/ba\/izdelek\/serum-za-rast-trepavica\/","url":"https:\/\/activeluxe-cosmetics.com\/ba\/izdelek\/serum-za-rast-trepavica\/","name":"Serum za rast trepavica - Active Luxe Cosmetics","isPartOf":{"@id":"https:\/\/activeluxe-cosmetics.com\/ba\/#website"},"primaryImageOfPage":{"@id":"https:\/\/activeluxe-cosmetics.com\/ba\/izdelek\/serum-za-rast-trepavica\/#primaryimage"},"image":{"@id":"https:\/\/activeluxe-cosmetics.com\/ba\/izdelek\/serum-za-rast-trepavica\/#primaryimage"},"thumbnailUrl":"https:\/\/activeluxe-cosmetics.com\/ba\/wp-content\/uploads\/2024\/01\/Lash_serum-1.jpg","datePublished":"2024-01-10T14:17:54+00:00","dateModified":"2026-04-01T14:27:32+00:00","description":"Klini\u010dki testiran Active Luxe serum za rast trepavica odu\u0161evljava \u010dak 400.000 korisnica u Europi. Za du\u017ee prirodne trepavice u 2 tjedna.","breadcrumb":{"@id":"https:\/\/activeluxe-cosmetics.com\/ba\/izdelek\/serum-za-rast-trepavica\/#breadcrumb"},"inLanguage":"hr","potentialAction":[{"@type":"ReadAction","target":["https:\/\/activeluxe-cosmetics.com\/ba\/izdelek\/serum-za-rast-trepavica\/"]}]},{"@type":"ImageObject","inLanguage":"hr","@id":"https:\/\/activeluxe-cosmetics.com\/ba\/izdelek\/serum-za-rast-trepavica\/#primaryimage","url":"https:\/\/activeluxe-cosmetics.com\/ba\/wp-content\/uploads\/2024\/01\/Lash_serum-1.jpg","contentUrl":"https:\/\/activeluxe-cosmetics.com\/ba\/wp-content\/uploads\/2024\/01\/Lash_serum-1.jpg","width":783,"height":995},{"@type":"BreadcrumbList","@id":"https:\/\/activeluxe-cosmetics.com\/ba\/izdelek\/serum-za-rast-trepavica\/#breadcrumb","itemListElement":[{"@type":"ListItem","position":1,"name":"Naslovnica","item":"https:\/\/activeluxe-cosmetics.com\/ba\/"},{"@type":"ListItem","position":2,"name":"Trgovina","item":"https:\/\/activeluxe-cosmetics.com\/ba\/trgovina\/"},{"@type":"ListItem","position":3,"name":"Serum za rast trepavica"}]},{"@type":"WebSite","@id":"https:\/\/activeluxe-cosmetics.com\/ba\/#website","url":"https:\/\/activeluxe-cosmetics.com\/ba\/","name":"Active Luxe Cosmetics","description":"","potentialAction":[{"@type":"SearchAction","target":{"@type":"EntryPoint","urlTemplate":"https:\/\/activeluxe-cosmetics.com\/ba\/?s={search_term_string}"},"query-input":{"@type":"PropertyValueSpecification","valueRequired":true,"valueName":"search_term_string"}}],"inLanguage":"hr"}]}},"_links":{"self":[{"href":"https:\/\/activeluxe-cosmetics.com\/ba\/wp-json\/wp\/v2\/product\/72182","targetHints":{"allow":["GET"]}}],"collection":[{"href":"https:\/\/activeluxe-cosmetics.com\/ba\/wp-json\/wp\/v2\/product"}],"about":[{"href":"https:\/\/activeluxe-cosmetics.com\/ba\/wp-json\/wp\/v2\/types\/product"}],"replies":[{"embeddable":true,"href":"https:\/\/activeluxe-cosmetics.com\/ba\/wp-json\/wp\/v2\/comments?post=72182"}],"wp:featuredmedia":[{"embeddable":true,"href":"https:\/\/activeluxe-cosmetics.com\/ba\/wp-json\/wp\/v2\/media\/82009"}],"wp:attachment":[{"href":"https:\/\/activeluxe-cosmetics.com\/ba\/wp-json\/wp\/v2\/media?parent=72182"}],"wp:term":[{"taxonomy":"product_brand","embeddable":true,"href":"https:\/\/activeluxe-cosmetics.com\/ba\/wp-json\/wp\/v2\/product_brand?post=72182"},{"taxonomy":"product_cat","embeddable":true,"href":"https:\/\/activeluxe-cosmetics.com\/ba\/wp-json\/wp\/v2\/product_cat?post=72182"},{"taxonomy":"product_tag","embeddable":true,"href":"https:\/\/activeluxe-cosmetics.com\/ba\/wp-json\/wp\/v2\/product_tag?post=72182"}],"curies":[{"name":"wp","href":"https:\/\/api.w.org\/{rel}","templated":true}]}}