{"id":72179,"date":"2024-01-10T15:17:54","date_gmt":"2024-01-10T14:17:54","guid":{"rendered":"https:\/\/activeluxe-cosmetics.com\/ba\/?post_type=product&#038;p=72179"},"modified":"2026-04-01T16:46:09","modified_gmt":"2026-04-01T14:46:09","slug":"glamour-lash-maskara-za-bezvremenski-volumen","status":"publish","type":"product","link":"https:\/\/activeluxe-cosmetics.com\/ba\/izdelek\/glamour-lash-maskara-za-bezvremenski-volumen\/","title":{"rendered":"Glamour Lash maskara"},"content":{"rendered":"<p><img loading=\"lazy\" decoding=\"async\" class=\" wp-image-83530 alignright\" src=\"https:\/\/activeluxe-cosmetics.com\/ba\/wp-content\/uploads\/2024\/01\/glamour_lash_mascara_active_luxe-460x575.png\" alt=\"\" width=\"350\" height=\"438\" srcset=\"https:\/\/activeluxe-cosmetics.com\/ba\/wp-content\/uploads\/2024\/01\/glamour_lash_mascara_active_luxe-460x575.png 460w, https:\/\/activeluxe-cosmetics.com\/ba\/wp-content\/uploads\/2024\/01\/glamour_lash_mascara_active_luxe-819x1024.png 819w, https:\/\/activeluxe-cosmetics.com\/ba\/wp-content\/uploads\/2024\/01\/glamour_lash_mascara_active_luxe-768x960.png 768w, https:\/\/activeluxe-cosmetics.com\/ba\/wp-content\/uploads\/2024\/01\/glamour_lash_mascara_active_luxe-600x750.png 600w, https:\/\/activeluxe-cosmetics.com\/ba\/wp-content\/uploads\/2024\/01\/glamour_lash_mascara_active_luxe.png 1080w\" sizes=\"auto, (max-width: 350px) 100vw, 350px\" \/><\/p>\n<h2><strong>Duge i guste trepavice<\/strong> u trenu<\/h2>\n<p>Ova maskara <strong>dose\u017ee<\/strong> i <strong>odvaja svaku trepavicu<\/strong>, njeguju\u0107i \u010dak i one koje su te\u0161ko dostupne u uglovima o\u010diju. Tajna Glamour Lash maskare su <strong>mekane sinteti\u010dke dla\u010dice<\/strong> razli\u010dite du\u017eine koje omogu\u0107avaju <strong>nano\u0161enje nekoliko slojeva bez grudvica<\/strong>.<\/p>\n<p>Glamour Lash je namijenjena za sve koji se ne mogu da odlu\u010diti izme\u0111u maskare za volumen ili one za du\u017einu trepavica. Glamour maskara ti pru\u017ea <strong>oboje<\/strong> &#8211; jer prava ljepota ne pristaje na kompromise.<\/p>\n<ul>\n<li><span data-sheets-root=\"1\" data-sheets-value=\"{&quot;1&quot;:2,&quot;2&quot;:&quot;jednim nano\u0161enjem trepavice postaju duge uz izuzetan volumen&quot;}\" data-sheets-userformat=\"{&quot;2&quot;:4993,&quot;3&quot;:{&quot;1&quot;:0},&quot;10&quot;:2,&quot;11&quot;:4,&quot;12&quot;:0,&quot;15&quot;:&quot;Arial&quot;}\" data-sheets-textstyleruns=\"{&quot;1&quot;:0}\uee10{&quot;1&quot;:28,&quot;2&quot;:{&quot;2&quot;:{&quot;1&quot;:2,&quot;2&quot;:16739585}}}\uee10{&quot;1&quot;:36}\uee10{&quot;1&quot;:41,&quot;2&quot;:{&quot;2&quot;:{&quot;1&quot;:2,&quot;2&quot;:16739585}}}\uee10{&quot;1&quot;:44}\">Jednom aplikacijom trepavice postaju du\u017ee i dobijaju <strong>izuzetan<\/strong> <strong>volumen<\/strong>,<\/span><\/li>\n<li>Bogata kremasta formula odr\u017eava fleksibilnost trepavica bez da ih <strong>optere\u0107uje<\/strong><\/li>\n<li><span data-sheets-root=\"1\" data-sheets-value=\"{&quot;1&quot;:2,&quot;2&quot;:&quot;Maskara se brzo su\u0161i&quot;}\" data-sheets-userformat=\"{&quot;2&quot;:513,&quot;3&quot;:{&quot;1&quot;:0},&quot;12&quot;:0}\" data-sheets-textstyleruns=\"{&quot;1&quot;:0,&quot;2&quot;:{&quot;2&quot;:{&quot;1&quot;:2,&quot;2&quot;:10027263}}}\uee10{&quot;1&quot;:1}\">Maskara se <strong>brzo<\/strong> <strong>su\u0161i<\/strong><\/span><\/li>\n<li><span data-sheets-root=\"1\" data-sheets-value=\"{&quot;1&quot;:2,&quot;2&quot;:&quot;Ne ostavlja mrlje&quot;}\" data-sheets-userformat=\"{&quot;2&quot;:513,&quot;3&quot;:{&quot;1&quot;:0},&quot;12&quot;:0}\" data-sheets-textstyleruns=\"{&quot;1&quot;:0,&quot;2&quot;:{&quot;2&quot;:{&quot;1&quot;:2,&quot;2&quot;:10027263}}}\uee10{&quot;1&quot;:1}\"><strong>Ne ostavlja<\/strong> mrlje<\/span><\/li>\n<\/ul>\n<h2 style=\"text-align: center; clear: both;\"><\/h2>\n<p>&nbsp;<\/p>\n<h2><img loading=\"lazy\" decoding=\"async\" class=\" wp-image-83533 alignleft\" src=\"https:\/\/activeluxe-cosmetics.com\/ba\/wp-content\/uploads\/2024\/01\/glamourlash_mascara-460x575.png\" alt=\"\" width=\"350\" height=\"438\" srcset=\"https:\/\/activeluxe-cosmetics.com\/ba\/wp-content\/uploads\/2024\/01\/glamourlash_mascara-460x575.png 460w, https:\/\/activeluxe-cosmetics.com\/ba\/wp-content\/uploads\/2024\/01\/glamourlash_mascara-819x1024.png 819w, https:\/\/activeluxe-cosmetics.com\/ba\/wp-content\/uploads\/2024\/01\/glamourlash_mascara-768x960.png 768w, https:\/\/activeluxe-cosmetics.com\/ba\/wp-content\/uploads\/2024\/01\/glamourlash_mascara-600x750.png 600w, https:\/\/activeluxe-cosmetics.com\/ba\/wp-content\/uploads\/2024\/01\/glamourlash_mascara.png 1080w\" sizes=\"auto, (max-width: 350px) 100vw, 350px\" \/>Meka sinteti\u010dka \u010detkica sa vlaknima <strong>razli\u010dite du\u017eine \u010dini \u010duda!<\/strong><\/h2>\n<p><span data-sheets-root=\"1\" data-sheets-value=\"{&quot;1&quot;:2,&quot;2&quot;:&quot;Ova maskara ima specijalno dizajniranu \u010detkicu koja je bogata sinteti\u010dkim dla\u010dicama koje dopiru do svake trepavice pojedina\u010dno, \u010dak i do onih sitnih, svetlih koje se nalaze u uglovima o\u010diju. Omogu\u0107ava da ih laganim pokretima izvu\u010de i progusti.\\n&quot;}\" data-sheets-userformat=\"{&quot;2&quot;:513,&quot;3&quot;:{&quot;1&quot;:0},&quot;12&quot;:0}\">Glamour Lash ima <strong>posebno dizajniranu \u010detkicu<\/strong> koja je bogata sinteti\u010dkim vlaknima razli\u010ditih du\u017eina kako bi se dosegla svaka trepavica \u2013 \u010dak i one sitne, svijetle u uglovima o\u010diju. Zatim ih izvla\u010di i zgu\u0161njava.<\/span><\/p>\n<div>Nanesite maskaru na trepavice <strong>nje\u017enim cik-cak<\/strong> pokretima da biste obuhvatili sve, \u010dak i najkra\u0107e trepavice.<\/div>\n<div><\/div>\n<ul>\n<li>Za intenzivno guste trepavice preporu\u010dujemo<strong> dva sloja maskare<\/strong>.<\/li>\n<li>Sa\u010dekajte da se prvi sloj osu\u0161i, a zatim nanesite drugi sloj.<\/li>\n<\/ul>\n<h2 style=\"text-align: center; clear: both;\"><\/h2>\n<p><img loading=\"lazy\" decoding=\"async\" class=\" wp-image-83538 alignright\" src=\"https:\/\/activeluxe-cosmetics.com\/ba\/wp-content\/uploads\/2024\/01\/activeluxe_glamour_lash_mascara-460x575.png\" alt=\"\" width=\"350\" height=\"438\" srcset=\"https:\/\/activeluxe-cosmetics.com\/ba\/wp-content\/uploads\/2024\/01\/activeluxe_glamour_lash_mascara-460x575.png 460w, https:\/\/activeluxe-cosmetics.com\/ba\/wp-content\/uploads\/2024\/01\/activeluxe_glamour_lash_mascara-819x1024.png 819w, https:\/\/activeluxe-cosmetics.com\/ba\/wp-content\/uploads\/2024\/01\/activeluxe_glamour_lash_mascara-768x960.png 768w, https:\/\/activeluxe-cosmetics.com\/ba\/wp-content\/uploads\/2024\/01\/activeluxe_glamour_lash_mascara-600x750.png 600w, https:\/\/activeluxe-cosmetics.com\/ba\/wp-content\/uploads\/2024\/01\/activeluxe_glamour_lash_mascara.png 1080w\" sizes=\"auto, (max-width: 350px) 100vw, 350px\" \/><\/p>\n<h2>Da li vam uvijek <strong>nedostaje vremena za jutarnje \u0161minkanje<\/strong>?<\/h2>\n<div>Ako se ujutro uvijek borite sa vremenom, ova maskara \u0107e vam znatno olak\u0161ati jutarnju rutinu. Za ekstra definisane trepavice dovoljan je samo jedna aplikacija.<\/div>\n<div><\/div>\n<div>Za intenzivniji efekat prije nano\u0161enja maskare preporu\u010dujemo nano\u0161enje Wild Lash baze za nano\u0161enje maskare, koja djeluje i na rast i gustinu trepavica.<\/div>\n<div><\/div>\n<div>Glamour Lash maskara ostat \u0107e na va\u0161im trepavicama cijeli dan, bez grudvica i mrlja oko o\u010diju.<\/div>\n<ul>\n<li><strong>dramati\u010dan volumen i du\u017eina<\/strong><\/li>\n<li><strong>dugotrajna formula koja traje 24h<\/strong><\/li>\n<li><strong>kremasta tekstura spre\u010dava da se maskara stvrdne, su\u0161i i stvara to\u010dkice i mrlje<\/strong><\/li>\n<\/ul>\n<h3 style=\"clear: both; max-width: 820px;\"><\/h3>\n<div style=\"display: flex; align-items: center; gap: 20px; flex-wrap: wrap;\">\n<p style=\"max-width: 360px;\">\n<\/div>\n","protected":false},"excerpt":{"rendered":"<p>Maskara \u010dija \u010detkica pru\u017ea bezvremenski volumen i gustinu.<\/p>\n","protected":false},"featured_media":82131,"comment_status":"open","ping_status":"closed","template":"","meta":[],"product_brand":[],"product_cat":[48,77],"product_tag":[],"class_list":{"0":"post-72179","1":"product","2":"type-product","3":"status-publish","4":"has-post-thumbnail","6":"product_cat-trepavice","7":"product_cat-makeup","9":"first","10":"instock","11":"taxable","12":"shipping-taxable","13":"purchasable","14":"product-type-simple"},"bundled_by":[],"bundle_stock_status":"instock","bundle_stock_quantity":null,"bundle_virtual":false,"bundle_layout":"","bundle_add_to_cart_form_location":"","bundle_editable_in_cart":false,"bundle_sold_individually_context":"","bundle_item_grouping":"","bundle_min_size":"","bundle_max_size":"","bundled_items":[],"acf":[],"yoast_head":"<!-- This site is optimized with the Yoast SEO plugin v26.5 - https:\/\/yoast.com\/wordpress\/plugins\/seo\/ -->\n<title>Glamour Lash maskara za bezvremenski volumen - Active Luxe<\/title>\n<meta name=\"description\" content=\"Maskara za guste trepavice Glamour Lash. Kra\u0107e vrijeme \u0161minkanja. Dohva\u0107a svaku trepavicu i pru\u017ea bezvremenski volumen i gusto\u0107u.\" \/>\n<meta name=\"robots\" content=\"index, follow, max-snippet:-1, max-image-preview:large, max-video-preview:-1\" \/>\n<link rel=\"canonical\" href=\"https:\/\/activeluxe-cosmetics.com\/ba\/izdelek\/glamour-lash-maskara-za-bezvremenski-volumen\/\" \/>\n<meta property=\"og:locale\" content=\"hr_HR\" \/>\n<meta property=\"og:type\" content=\"article\" \/>\n<meta property=\"og:title\" content=\"Glamour Lash maskara za bezvremenski volumen - Active Luxe\" \/>\n<meta property=\"og:description\" content=\"Maskara za guste trepavice Glamour Lash. Kra\u0107e vrijeme \u0161minkanja. Dohva\u0107a svaku trepavicu i pru\u017ea bezvremenski volumen i gusto\u0107u.\" \/>\n<meta property=\"og:url\" content=\"https:\/\/activeluxe-cosmetics.com\/ba\/izdelek\/glamour-lash-maskara-za-bezvremenski-volumen\/\" \/>\n<meta property=\"og:site_name\" content=\"Active Luxe Cosmetics\" \/>\n<meta property=\"article:modified_time\" content=\"2026-04-01T14:46:09+00:00\" \/>\n<meta property=\"og:image\" content=\"https:\/\/activeluxe-cosmetics.com\/ba\/wp-content\/uploads\/2024\/01\/Glamour_Lash-600x775-1.jpg\" \/>\n\t<meta property=\"og:image:width\" content=\"600\" \/>\n\t<meta property=\"og:image:height\" content=\"775\" \/>\n\t<meta property=\"og:image:type\" content=\"image\/jpeg\" \/>\n<meta name=\"twitter:card\" content=\"summary_large_image\" \/>\n<meta name=\"twitter:label1\" content=\"Procijenjeno vrijeme \u010ditanja\" \/>\n\t<meta name=\"twitter:data1\" content=\"3 minute\" \/>\n<script type=\"application\/ld+json\" class=\"yoast-schema-graph\">{\"@context\":\"https:\/\/schema.org\",\"@graph\":[{\"@type\":\"WebPage\",\"@id\":\"https:\/\/activeluxe-cosmetics.com\/ba\/izdelek\/glamour-lash-maskara-za-bezvremenski-volumen\/\",\"url\":\"https:\/\/activeluxe-cosmetics.com\/ba\/izdelek\/glamour-lash-maskara-za-bezvremenski-volumen\/\",\"name\":\"Glamour Lash maskara za bezvremenski volumen - Active Luxe\",\"isPartOf\":{\"@id\":\"https:\/\/activeluxe-cosmetics.com\/ba\/#website\"},\"primaryImageOfPage\":{\"@id\":\"https:\/\/activeluxe-cosmetics.com\/ba\/izdelek\/glamour-lash-maskara-za-bezvremenski-volumen\/#primaryimage\"},\"image\":{\"@id\":\"https:\/\/activeluxe-cosmetics.com\/ba\/izdelek\/glamour-lash-maskara-za-bezvremenski-volumen\/#primaryimage\"},\"thumbnailUrl\":\"https:\/\/activeluxe-cosmetics.com\/ba\/wp-content\/uploads\/2024\/01\/Glamour_Lash-600x775-1.jpg\",\"datePublished\":\"2024-01-10T14:17:54+00:00\",\"dateModified\":\"2026-04-01T14:46:09+00:00\",\"description\":\"Maskara za guste trepavice Glamour Lash. Kra\u0107e vrijeme \u0161minkanja. Dohva\u0107a svaku trepavicu i pru\u017ea bezvremenski volumen i gusto\u0107u.\",\"breadcrumb\":{\"@id\":\"https:\/\/activeluxe-cosmetics.com\/ba\/izdelek\/glamour-lash-maskara-za-bezvremenski-volumen\/#breadcrumb\"},\"inLanguage\":\"hr\",\"potentialAction\":[{\"@type\":\"ReadAction\",\"target\":[\"https:\/\/activeluxe-cosmetics.com\/ba\/izdelek\/glamour-lash-maskara-za-bezvremenski-volumen\/\"]}]},{\"@type\":\"ImageObject\",\"inLanguage\":\"hr\",\"@id\":\"https:\/\/activeluxe-cosmetics.com\/ba\/izdelek\/glamour-lash-maskara-za-bezvremenski-volumen\/#primaryimage\",\"url\":\"https:\/\/activeluxe-cosmetics.com\/ba\/wp-content\/uploads\/2024\/01\/Glamour_Lash-600x775-1.jpg\",\"contentUrl\":\"https:\/\/activeluxe-cosmetics.com\/ba\/wp-content\/uploads\/2024\/01\/Glamour_Lash-600x775-1.jpg\",\"width\":600,\"height\":775},{\"@type\":\"BreadcrumbList\",\"@id\":\"https:\/\/activeluxe-cosmetics.com\/ba\/izdelek\/glamour-lash-maskara-za-bezvremenski-volumen\/#breadcrumb\",\"itemListElement\":[{\"@type\":\"ListItem\",\"position\":1,\"name\":\"Naslovnica\",\"item\":\"https:\/\/activeluxe-cosmetics.com\/ba\/\"},{\"@type\":\"ListItem\",\"position\":2,\"name\":\"Trgovina\",\"item\":\"https:\/\/activeluxe-cosmetics.com\/ba\/trgovina\/\"},{\"@type\":\"ListItem\",\"position\":3,\"name\":\"Glamour Lash maskara\"}]},{\"@type\":\"WebSite\",\"@id\":\"https:\/\/activeluxe-cosmetics.com\/ba\/#website\",\"url\":\"https:\/\/activeluxe-cosmetics.com\/ba\/\",\"name\":\"Active Luxe Cosmetics\",\"description\":\"\",\"potentialAction\":[{\"@type\":\"SearchAction\",\"target\":{\"@type\":\"EntryPoint\",\"urlTemplate\":\"https:\/\/activeluxe-cosmetics.com\/ba\/?s={search_term_string}\"},\"query-input\":{\"@type\":\"PropertyValueSpecification\",\"valueRequired\":true,\"valueName\":\"search_term_string\"}}],\"inLanguage\":\"hr\"}]}<\/script>\n<!-- \/ Yoast SEO plugin. -->","yoast_head_json":{"title":"Glamour Lash maskara za bezvremenski volumen - Active Luxe","description":"Maskara za guste trepavice Glamour Lash. Kra\u0107e vrijeme \u0161minkanja. Dohva\u0107a svaku trepavicu i pru\u017ea bezvremenski volumen i gusto\u0107u.","robots":{"index":"index","follow":"follow","max-snippet":"max-snippet:-1","max-image-preview":"max-image-preview:large","max-video-preview":"max-video-preview:-1"},"canonical":"https:\/\/activeluxe-cosmetics.com\/ba\/izdelek\/glamour-lash-maskara-za-bezvremenski-volumen\/","og_locale":"hr_HR","og_type":"article","og_title":"Glamour Lash maskara za bezvremenski volumen - Active Luxe","og_description":"Maskara za guste trepavice Glamour Lash. Kra\u0107e vrijeme \u0161minkanja. Dohva\u0107a svaku trepavicu i pru\u017ea bezvremenski volumen i gusto\u0107u.","og_url":"https:\/\/activeluxe-cosmetics.com\/ba\/izdelek\/glamour-lash-maskara-za-bezvremenski-volumen\/","og_site_name":"Active Luxe Cosmetics","article_modified_time":"2026-04-01T14:46:09+00:00","og_image":[{"width":600,"height":775,"url":"https:\/\/activeluxe-cosmetics.com\/ba\/wp-content\/uploads\/2024\/01\/Glamour_Lash-600x775-1.jpg","type":"image\/jpeg"}],"twitter_card":"summary_large_image","twitter_misc":{"Procijenjeno vrijeme \u010ditanja":"3 minute"},"schema":{"@context":"https:\/\/schema.org","@graph":[{"@type":"WebPage","@id":"https:\/\/activeluxe-cosmetics.com\/ba\/izdelek\/glamour-lash-maskara-za-bezvremenski-volumen\/","url":"https:\/\/activeluxe-cosmetics.com\/ba\/izdelek\/glamour-lash-maskara-za-bezvremenski-volumen\/","name":"Glamour Lash maskara za bezvremenski volumen - Active Luxe","isPartOf":{"@id":"https:\/\/activeluxe-cosmetics.com\/ba\/#website"},"primaryImageOfPage":{"@id":"https:\/\/activeluxe-cosmetics.com\/ba\/izdelek\/glamour-lash-maskara-za-bezvremenski-volumen\/#primaryimage"},"image":{"@id":"https:\/\/activeluxe-cosmetics.com\/ba\/izdelek\/glamour-lash-maskara-za-bezvremenski-volumen\/#primaryimage"},"thumbnailUrl":"https:\/\/activeluxe-cosmetics.com\/ba\/wp-content\/uploads\/2024\/01\/Glamour_Lash-600x775-1.jpg","datePublished":"2024-01-10T14:17:54+00:00","dateModified":"2026-04-01T14:46:09+00:00","description":"Maskara za guste trepavice Glamour Lash. Kra\u0107e vrijeme \u0161minkanja. Dohva\u0107a svaku trepavicu i pru\u017ea bezvremenski volumen i gusto\u0107u.","breadcrumb":{"@id":"https:\/\/activeluxe-cosmetics.com\/ba\/izdelek\/glamour-lash-maskara-za-bezvremenski-volumen\/#breadcrumb"},"inLanguage":"hr","potentialAction":[{"@type":"ReadAction","target":["https:\/\/activeluxe-cosmetics.com\/ba\/izdelek\/glamour-lash-maskara-za-bezvremenski-volumen\/"]}]},{"@type":"ImageObject","inLanguage":"hr","@id":"https:\/\/activeluxe-cosmetics.com\/ba\/izdelek\/glamour-lash-maskara-za-bezvremenski-volumen\/#primaryimage","url":"https:\/\/activeluxe-cosmetics.com\/ba\/wp-content\/uploads\/2024\/01\/Glamour_Lash-600x775-1.jpg","contentUrl":"https:\/\/activeluxe-cosmetics.com\/ba\/wp-content\/uploads\/2024\/01\/Glamour_Lash-600x775-1.jpg","width":600,"height":775},{"@type":"BreadcrumbList","@id":"https:\/\/activeluxe-cosmetics.com\/ba\/izdelek\/glamour-lash-maskara-za-bezvremenski-volumen\/#breadcrumb","itemListElement":[{"@type":"ListItem","position":1,"name":"Naslovnica","item":"https:\/\/activeluxe-cosmetics.com\/ba\/"},{"@type":"ListItem","position":2,"name":"Trgovina","item":"https:\/\/activeluxe-cosmetics.com\/ba\/trgovina\/"},{"@type":"ListItem","position":3,"name":"Glamour Lash maskara"}]},{"@type":"WebSite","@id":"https:\/\/activeluxe-cosmetics.com\/ba\/#website","url":"https:\/\/activeluxe-cosmetics.com\/ba\/","name":"Active Luxe Cosmetics","description":"","potentialAction":[{"@type":"SearchAction","target":{"@type":"EntryPoint","urlTemplate":"https:\/\/activeluxe-cosmetics.com\/ba\/?s={search_term_string}"},"query-input":{"@type":"PropertyValueSpecification","valueRequired":true,"valueName":"search_term_string"}}],"inLanguage":"hr"}]}},"_links":{"self":[{"href":"https:\/\/activeluxe-cosmetics.com\/ba\/wp-json\/wp\/v2\/product\/72179","targetHints":{"allow":["GET"]}}],"collection":[{"href":"https:\/\/activeluxe-cosmetics.com\/ba\/wp-json\/wp\/v2\/product"}],"about":[{"href":"https:\/\/activeluxe-cosmetics.com\/ba\/wp-json\/wp\/v2\/types\/product"}],"replies":[{"embeddable":true,"href":"https:\/\/activeluxe-cosmetics.com\/ba\/wp-json\/wp\/v2\/comments?post=72179"}],"wp:featuredmedia":[{"embeddable":true,"href":"https:\/\/activeluxe-cosmetics.com\/ba\/wp-json\/wp\/v2\/media\/82131"}],"wp:attachment":[{"href":"https:\/\/activeluxe-cosmetics.com\/ba\/wp-json\/wp\/v2\/media?parent=72179"}],"wp:term":[{"taxonomy":"product_brand","embeddable":true,"href":"https:\/\/activeluxe-cosmetics.com\/ba\/wp-json\/wp\/v2\/product_brand?post=72179"},{"taxonomy":"product_cat","embeddable":true,"href":"https:\/\/activeluxe-cosmetics.com\/ba\/wp-json\/wp\/v2\/product_cat?post=72179"},{"taxonomy":"product_tag","embeddable":true,"href":"https:\/\/activeluxe-cosmetics.com\/ba\/wp-json\/wp\/v2\/product_tag?post=72179"}],"curies":[{"name":"wp","href":"https:\/\/api.w.org\/{rel}","templated":true}]}}