{"id":82189,"date":"2025-02-21T11:15:49","date_gmt":"2025-02-21T10:15:49","guid":{"rendered":"https:\/\/activeluxe-cosmetics.com\/ba\/?page_id=82189"},"modified":"2025-02-24T07:57:07","modified_gmt":"2025-02-24T06:57:07","slug":"saradnje-sa-influencerji","status":"publish","type":"page","link":"https:\/\/activeluxe-cosmetics.com\/ba\/saradnje-sa-influencerji\/","title":{"rendered":"Saradnje sa influencerji"},"content":{"rendered":"\n\t<section class=\"section\" id=\"section_1966195063\">\n\t\t<div class=\"bg section-bg fill bg-fill  bg-loaded\" >\n\n\t\t\t\n\t\t\t\n\t\t\t\n\n\t\t<\/div>\n\n\t\t\n\n\t\t<div class=\"section-content relative\">\n\t\t\t\n\n<div class=\"row align-center\"  id=\"row-1591102314\">\n\n\n\t<div id=\"col-212459622\" class=\"col medium-6 small-12 large-6\"  >\n\t\t\t\t<div class=\"col-inner text-center\"  >\n\t\t\t\n\t\t\t\n\n\t<div class=\"img has-hover al-img-auto x md-x lg-x y md-y lg-y\" id=\"image_22931150\">\n\t\t\t\t\t\t\t\t<div class=\"img-inner dark\" >\n\t\t\t\t\t\t\t\t\t\n\t\t\t\t\t<\/div>\n\t\t\t\t\t\t\t\t\n<style>\n#image_22931150 {\n  width: 100%;\n}\n<\/style>\n\t<\/div>\n\t\n\n\t<div id=\"text-616788342\" class=\"text al-p-48\">\n\t\t\n\n<h2>\u017deli\u0161 biti pro-aktivna?<strong> Javi nam se za saradnju!<\/strong><\/h2>\n\t\t\t<\/div>\n\t\n\n\t\t<\/div>\n\t\t\t\t\t<\/div>\n\n\t\n\n\n<style>\n#row-1591102314 > .col > .col-inner {\n  padding: 0px 0px 0px 0px;\n}\n@media (min-width:550px) {\n  #row-1591102314 > .col > .col-inner {\n    padding: 30px 0px 0px 0px;\n  }\n}\n<\/style>\n<\/div>\n\n\t\t<\/div>\n\n\t\t\n<style>\n#section_1966195063 {\n  padding-top: 30px;\n  padding-bottom: 30px;\n}\n@media (min-width:550px) {\n  #section_1966195063 {\n    padding-top: 50px;\n    padding-bottom: 50px;\n  }\n}\n<\/style>\n\t<\/section>\n\t\n\t<section class=\"section\" id=\"section_1775579633\">\n\t\t<div class=\"bg section-bg fill bg-fill  bg-loaded\" >\n\n\t\t\t\n\t\t\t\n\t\t\t\n\n\t\t<\/div>\n\n\t\t\n\n\t\t<div class=\"section-content relative\">\n\t\t\t\n\n<div class=\"row align-middle\"  id=\"row-696982986\">\n\n\n\t<div id=\"col-1177001577\" class=\"col medium-6 small-12 large-6\"  >\n\t\t\t\t<div class=\"col-inner\"  >\n\t\t\t\n\t\t\t\n\n\t<div class=\"img has-hover x md-x lg-x y md-y lg-y\" id=\"image_1924097067\">\n\t\t\t\t\t\t\t\t<div class=\"img-inner dark\" >\n\t\t\t<img loading=\"lazy\" decoding=\"async\" width=\"610\" height=\"645\" src=\"https:\/\/activeluxe-cosmetics.com\/ba\/wp-content\/uploads\/2025\/02\/Group-563-1.jpg\" class=\"attachment-original size-original\" alt=\"\" srcset=\"https:\/\/activeluxe-cosmetics.com\/ba\/wp-content\/uploads\/2025\/02\/Group-563-1.jpg 610w, https:\/\/activeluxe-cosmetics.com\/ba\/wp-content\/uploads\/2025\/02\/Group-563-1-460x486.jpg 460w, https:\/\/activeluxe-cosmetics.com\/ba\/wp-content\/uploads\/2025\/02\/Group-563-1-600x634.jpg 600w\" sizes=\"auto, (max-width: 610px) 100vw, 610px\" \/>\t\t\t\t\t\t\n\t\t\t\t\t<\/div>\n\t\t\t\t\t\t\t\t\n<style>\n#image_1924097067 {\n  width: 100%;\n}\n<\/style>\n\t<\/div>\n\t\n\n\n\t\t<\/div>\n\t\t\t\t\t<\/div>\n\n\t\n\n\t<div id=\"col-223789820\" class=\"col medium-6 small-12 large-6\"  >\n\t\t\t\t<div class=\"col-inner text-left\"  >\n\t\t\t\n\t\t\t\n\n\t<div id=\"text-2128053451\" class=\"text al-p-40\">\n\t\t\n\n<h3>Isprobaj <strong>vrhunske Active Luxe kozmeti\u010dke proizvode<\/strong> i u\u017eivaj u svojoj <strong>kreativnosti<\/strong>!<\/h3>\n\t\t\t<\/div>\n\t\n\t<div id=\"gap-522720814\" class=\"gap-element clearfix\" style=\"display:block; height:auto;\">\n\t\t\n<style>\n#gap-522720814 {\n  padding-top: 30px;\n}\n<\/style>\n\t<\/div>\n\t\n\n\t<div id=\"text-1426200962\" class=\"text al-p-18\">\n\t\t\n\n<p>\u2714\ufe0e  Obo\u017eava\u0161 prirodnu ljepotu i kozmetiku?<\/p>\n<p>\u00a0<\/p>\n<p>\u2714\ufe0e Voli\u0161 kreirati zanimljiv sadr\u017eaj za dru\u0161tvene mre\u017ee?<\/p>\n<p>\u00a0<\/p>\n<p>\u2714\ufe0e \u017deli\u0161 isprobati odli\u010dne kozmeti\u010dke proizvode?<\/p>\n<p>\u00a0<\/p>\n<p><strong>Onda si ba\u0161 ti ona koju tra\u017eimo! \ud83e\udd70<\/strong><\/p>\n\n\t\t\t<\/div>\n\t\n\n\t\t<\/div>\n\t\t\t\t\n<style>\n#col-223789820 > .col-inner {\n  padding: 0px 0px 0px 0px;\n}\n@media (min-width:550px) {\n  #col-223789820 > .col-inner {\n    padding: 0px 30px 0px 30px;\n  }\n}\n<\/style>\n\t<\/div>\n\n\t\n\n<\/div>\n\t<div id=\"gap-1104872016\" class=\"gap-element clearfix\" style=\"display:block; height:auto;\">\n\t\t\n<style>\n#gap-1104872016 {\n  padding-top: 30px;\n}\n@media (min-width:550px) {\n  #gap-1104872016 {\n    padding-top: 60px;\n  }\n}\n<\/style>\n\t<\/div>\n\t\n\n<div class=\"row align-middle\"  id=\"row-1487918256\">\n\n\n\t<div id=\"col-590968978\" class=\"col medium-6 small-12 large-6\"  >\n\t\t\t\t<div class=\"col-inner text-left\"  >\n\t\t\t\n\t\t\t\n\n\t<div id=\"text-198142813\" class=\"text al-p-40\">\n\t\t\n\n<h3><strong>Postani dio <\/strong>na\u0161e <strong>Active Luxe Cosmetics zajednice!<\/strong><\/h3>\n\t\t\t<\/div>\n\t\n\t<div id=\"gap-1594682947\" class=\"gap-element clearfix\" style=\"display:block; height:auto;\">\n\t\t\n<style>\n#gap-1594682947 {\n  padding-top: 30px;\n}\n<\/style>\n\t<\/div>\n\t\n\n\t<div id=\"text-1675715755\" class=\"text al-p-18\">\n\t\t\n\n<p>Naglasi svoju prirodnu ljepotu uz na\u0161e premium Active Luxe proizvode \u2013 isprobaj ih i zabilje\u017ei svoje iskustvo kroz simpati\u010dne videe i fotografije!<\/p>\n<p>\u00a0<\/p>\n<p><strong>Kako se prijaviti?<\/strong><\/p>\n<p>\u00a0<\/p>\n<p>\u2714\ufe0e Napi\u0161i nam ukratko ne\u0161to o sebi,<\/p>\n<p>\u2714\ufe0e ukratko predstavi svoje dru\u0161tvene mre\u017ee,<\/p>\n<p>\u2714\ufe0e i dodaj linkove na svoje profile.<\/p>\n\t\t\t<\/div>\n\t\n\n\t\t<\/div>\n\t\t\t\t\n<style>\n#col-590968978 > .col-inner {\n  padding: 0px 0px 0px 0px;\n}\n@media (min-width:550px) {\n  #col-590968978 > .col-inner {\n    padding: 0px 60px 0px 0px;\n  }\n}\n<\/style>\n\t<\/div>\n\n\t\n\n\t<div id=\"col-1470227252\" class=\"col medium-6 small-12 large-6 small-col-first\"  >\n\t\t\t\t<div class=\"col-inner\"  >\n\t\t\t\n\t\t\t\n\n\t<div class=\"img has-hover x md-x lg-x y md-y lg-y\" id=\"image_350021009\">\n\t\t\t\t\t\t\t\t<div class=\"img-inner dark\" >\n\t\t\t<img loading=\"lazy\" decoding=\"async\" width=\"610\" height=\"646\" src=\"https:\/\/activeluxe-cosmetics.com\/ba\/wp-content\/uploads\/2025\/02\/Group-565-1.jpg\" class=\"attachment-original size-original\" alt=\"\" srcset=\"https:\/\/activeluxe-cosmetics.com\/ba\/wp-content\/uploads\/2025\/02\/Group-565-1.jpg 610w, https:\/\/activeluxe-cosmetics.com\/ba\/wp-content\/uploads\/2025\/02\/Group-565-1-460x487.jpg 460w, https:\/\/activeluxe-cosmetics.com\/ba\/wp-content\/uploads\/2025\/02\/Group-565-1-600x635.jpg 600w\" sizes=\"auto, (max-width: 610px) 100vw, 610px\" \/>\t\t\t\t\t\t\n\t\t\t\t\t<\/div>\n\t\t\t\t\t\t\t\t\n<style>\n#image_350021009 {\n  width: 100%;\n}\n<\/style>\n\t<\/div>\n\t\n\n\n\t\t<\/div>\n\t\t\t\t\t<\/div>\n\n\t\n\n<\/div>\n\n\t\t<\/div>\n\n\t\t\n<style>\n#section_1775579633 {\n  padding-top: 0px;\n  padding-bottom: 0px;\n}\n@media (min-width:550px) {\n  #section_1775579633 {\n    padding-top: 30px;\n    padding-bottom: 30px;\n  }\n}\n<\/style>\n\t<\/section>\n\t\n\t<div id=\"gap-926252714\" class=\"gap-element clearfix\" style=\"display:block; height:auto;\">\n\t\t\n<style>\n#gap-926252714 {\n  padding-top: 40px;\n}\n<\/style>\n\t<\/div>\n\t\n\n\t<section class=\"section\" id=\"section_1923915516\">\n\t\t<div class=\"bg section-bg fill bg-fill  \" >\n\n\t\t\t\n\t\t\t\n\t\t\t\n\n\t\t<\/div>\n\n\t\t\n\n\t\t<div class=\"section-content relative\">\n\t\t\t\n\n<div class=\"row align-center\"  id=\"row-1172470569\">\n\n\n\t<div id=\"col-1092303312\" class=\"col medium-11 small-12 large-11\"  >\n\t\t\t\t<div class=\"col-inner text-center\"  >\n\t\t\t\n\t\t\t\n\n\t<div id=\"text-950255960\" class=\"text al-p-40\">\n\t\t\n\n<h3><strong>Gdje nam mo\u017ee\u0161 pisati?<\/strong><\/h3>\n\t\t\t<\/div>\n\t\n\t<div id=\"gap-1498344535\" class=\"gap-element clearfix\" style=\"display:block; height:auto;\">\n\t\t\n<style>\n#gap-1498344535 {\n  padding-top: 30px;\n}\n<\/style>\n\t<\/div>\n\t\n\n\t<div id=\"text-2605072282\" class=\"text al-p-20\">\n\t\t\n\n<p>Javi se nam na <strong><a href=\"mailto:collabbih@medilip.si\">collabbih@medilip.si<\/a><\/strong><\/p>\n<p>kako bismo dogovorili potencijalnu saradnju i odgovorili na sva tvoja pitanja! \ud83d\ude42<\/p>\n\t\t\t<\/div>\n\t\n\n\t\t<\/div>\n\t\t\t\t\n<style>\n#col-1092303312 > .col-inner {\n  padding: 0px 0px 0px 0px;\n}\n@media (min-width:550px) {\n  #col-1092303312 > .col-inner {\n    padding: 50px 0px 50px 0px;\n  }\n}\n<\/style>\n\t<\/div>\n\n\t\n\n<\/div>\n\n\t\t<\/div>\n\n\t\t\n<style>\n#section_1923915516 {\n  padding-top: 30px;\n  padding-bottom: 30px;\n}\n#section_1923915516 .section-bg.bg-loaded {\n  background-image: url(https:\/\/activeluxe-cosmetics.com\/ba\/wp-content\/uploads\/2025\/02\/Mask-group-15.jpg);\n}\n#section_1923915516 .section-bg {\n  background-position: top;\n}\n<\/style>\n\t<\/section>\n\t\n\t<section class=\"section\" id=\"section_1132559957\">\n\t\t<div class=\"bg section-bg fill bg-fill  bg-loaded\" >\n\n\t\t\t\n\t\t\t\n\t\t\t\n\n\t\t<\/div>\n\n\t\t\n\n\t\t<div class=\"section-content relative\">\n\t\t\t\n\n<div class=\"row\"  id=\"row-2110463001\">\n\n\n\t<div id=\"col-1928995158\" class=\"col small-12 large-12\"  >\n\t\t\t\t<div class=\"col-inner text-center\"  >\n\t\t\t\n\t\t\t\n\n\t<div id=\"text-3861002490\" class=\"text al-p-22\">\n\t\t\n\n<p>Veselimo se saradnji s tobom!\u00a0<\/p>\n\n\t\t\t<\/div>\n\t\n\n\t\t<\/div>\n\t\t\t\t\t<\/div>\n\n\t\n\n<\/div>\n\n\t\t<\/div>\n\n\t\t\n<style>\n#section_1132559957 {\n  padding-top: 30px;\n  padding-bottom: 30px;\n}\n@media (min-width:550px) {\n  #section_1132559957 {\n    padding-top: 50px;\n    padding-bottom: 50px;\n  }\n}\n<\/style>\n\t<\/section>\n\t\n\n","protected":false},"excerpt":{"rendered":"","protected":false},"author":6,"featured_media":0,"parent":0,"menu_order":0,"comment_status":"closed","ping_status":"closed","template":"","meta":{"footnotes":""},"class_list":["post-82189","page","type-page","status-publish","hentry"],"acf":[],"yoast_head":"<!-- This site is optimized with the Yoast SEO plugin v26.5 - https:\/\/yoast.com\/wordpress\/plugins\/seo\/ -->\n<title>Saradnje sa influencerji - Active Luxe Cosmetics<\/title>\n<meta name=\"robots\" content=\"index, follow, max-snippet:-1, max-image-preview:large, max-video-preview:-1\" \/>\n<link rel=\"canonical\" href=\"https:\/\/activeluxe-cosmetics.com\/ba\/saradnje-sa-influencerji\/\" \/>\n<meta property=\"og:locale\" content=\"hr_HR\" \/>\n<meta property=\"og:type\" content=\"article\" \/>\n<meta property=\"og:title\" content=\"Saradnje sa influencerji - Active Luxe Cosmetics\" \/>\n<meta property=\"og:url\" content=\"https:\/\/activeluxe-cosmetics.com\/ba\/saradnje-sa-influencerji\/\" \/>\n<meta property=\"og:site_name\" content=\"Active Luxe Cosmetics\" \/>\n<meta property=\"article:modified_time\" content=\"2025-02-24T06:57:07+00:00\" \/>\n<meta name=\"twitter:card\" content=\"summary_large_image\" \/>\n<meta name=\"twitter:label1\" content=\"Procijenjeno vrijeme \u010ditanja\" \/>\n\t<meta name=\"twitter:data1\" content=\"2 minute\" \/>\n<script type=\"application\/ld+json\" class=\"yoast-schema-graph\">{\"@context\":\"https:\/\/schema.org\",\"@graph\":[{\"@type\":\"WebPage\",\"@id\":\"https:\/\/activeluxe-cosmetics.com\/ba\/saradnje-sa-influencerji\/\",\"url\":\"https:\/\/activeluxe-cosmetics.com\/ba\/saradnje-sa-influencerji\/\",\"name\":\"Saradnje sa influencerji - Active Luxe Cosmetics\",\"isPartOf\":{\"@id\":\"https:\/\/activeluxe-cosmetics.com\/ba\/#website\"},\"datePublished\":\"2025-02-21T10:15:49+00:00\",\"dateModified\":\"2025-02-24T06:57:07+00:00\",\"breadcrumb\":{\"@id\":\"https:\/\/activeluxe-cosmetics.com\/ba\/saradnje-sa-influencerji\/#breadcrumb\"},\"inLanguage\":\"hr\",\"potentialAction\":[{\"@type\":\"ReadAction\",\"target\":[\"https:\/\/activeluxe-cosmetics.com\/ba\/saradnje-sa-influencerji\/\"]}]},{\"@type\":\"BreadcrumbList\",\"@id\":\"https:\/\/activeluxe-cosmetics.com\/ba\/saradnje-sa-influencerji\/#breadcrumb\",\"itemListElement\":[{\"@type\":\"ListItem\",\"position\":1,\"name\":\"Naslovnica\",\"item\":\"https:\/\/activeluxe-cosmetics.com\/ba\/\"},{\"@type\":\"ListItem\",\"position\":2,\"name\":\"Saradnje sa influencerji\"}]},{\"@type\":\"WebSite\",\"@id\":\"https:\/\/activeluxe-cosmetics.com\/ba\/#website\",\"url\":\"https:\/\/activeluxe-cosmetics.com\/ba\/\",\"name\":\"Active Luxe Cosmetics\",\"description\":\"\",\"potentialAction\":[{\"@type\":\"SearchAction\",\"target\":{\"@type\":\"EntryPoint\",\"urlTemplate\":\"https:\/\/activeluxe-cosmetics.com\/ba\/?s={search_term_string}\"},\"query-input\":{\"@type\":\"PropertyValueSpecification\",\"valueRequired\":true,\"valueName\":\"search_term_string\"}}],\"inLanguage\":\"hr\"}]}<\/script>\n<!-- \/ Yoast SEO plugin. -->","yoast_head_json":{"title":"Saradnje sa influencerji - Active Luxe Cosmetics","robots":{"index":"index","follow":"follow","max-snippet":"max-snippet:-1","max-image-preview":"max-image-preview:large","max-video-preview":"max-video-preview:-1"},"canonical":"https:\/\/activeluxe-cosmetics.com\/ba\/saradnje-sa-influencerji\/","og_locale":"hr_HR","og_type":"article","og_title":"Saradnje sa influencerji - Active Luxe Cosmetics","og_url":"https:\/\/activeluxe-cosmetics.com\/ba\/saradnje-sa-influencerji\/","og_site_name":"Active Luxe Cosmetics","article_modified_time":"2025-02-24T06:57:07+00:00","twitter_card":"summary_large_image","twitter_misc":{"Procijenjeno vrijeme \u010ditanja":"2 minute"},"schema":{"@context":"https:\/\/schema.org","@graph":[{"@type":"WebPage","@id":"https:\/\/activeluxe-cosmetics.com\/ba\/saradnje-sa-influencerji\/","url":"https:\/\/activeluxe-cosmetics.com\/ba\/saradnje-sa-influencerji\/","name":"Saradnje sa influencerji - Active Luxe Cosmetics","isPartOf":{"@id":"https:\/\/activeluxe-cosmetics.com\/ba\/#website"},"datePublished":"2025-02-21T10:15:49+00:00","dateModified":"2025-02-24T06:57:07+00:00","breadcrumb":{"@id":"https:\/\/activeluxe-cosmetics.com\/ba\/saradnje-sa-influencerji\/#breadcrumb"},"inLanguage":"hr","potentialAction":[{"@type":"ReadAction","target":["https:\/\/activeluxe-cosmetics.com\/ba\/saradnje-sa-influencerji\/"]}]},{"@type":"BreadcrumbList","@id":"https:\/\/activeluxe-cosmetics.com\/ba\/saradnje-sa-influencerji\/#breadcrumb","itemListElement":[{"@type":"ListItem","position":1,"name":"Naslovnica","item":"https:\/\/activeluxe-cosmetics.com\/ba\/"},{"@type":"ListItem","position":2,"name":"Saradnje sa influencerji"}]},{"@type":"WebSite","@id":"https:\/\/activeluxe-cosmetics.com\/ba\/#website","url":"https:\/\/activeluxe-cosmetics.com\/ba\/","name":"Active Luxe Cosmetics","description":"","potentialAction":[{"@type":"SearchAction","target":{"@type":"EntryPoint","urlTemplate":"https:\/\/activeluxe-cosmetics.com\/ba\/?s={search_term_string}"},"query-input":{"@type":"PropertyValueSpecification","valueRequired":true,"valueName":"search_term_string"}}],"inLanguage":"hr"}]}},"_links":{"self":[{"href":"https:\/\/activeluxe-cosmetics.com\/ba\/wp-json\/wp\/v2\/pages\/82189","targetHints":{"allow":["GET"]}}],"collection":[{"href":"https:\/\/activeluxe-cosmetics.com\/ba\/wp-json\/wp\/v2\/pages"}],"about":[{"href":"https:\/\/activeluxe-cosmetics.com\/ba\/wp-json\/wp\/v2\/types\/page"}],"author":[{"embeddable":true,"href":"https:\/\/activeluxe-cosmetics.com\/ba\/wp-json\/wp\/v2\/users\/6"}],"replies":[{"embeddable":true,"href":"https:\/\/activeluxe-cosmetics.com\/ba\/wp-json\/wp\/v2\/comments?post=82189"}],"version-history":[{"count":4,"href":"https:\/\/activeluxe-cosmetics.com\/ba\/wp-json\/wp\/v2\/pages\/82189\/revisions"}],"predecessor-version":[{"id":82196,"href":"https:\/\/activeluxe-cosmetics.com\/ba\/wp-json\/wp\/v2\/pages\/82189\/revisions\/82196"}],"wp:attachment":[{"href":"https:\/\/activeluxe-cosmetics.com\/ba\/wp-json\/wp\/v2\/media?parent=82189"}],"curies":[{"name":"wp","href":"https:\/\/api.w.org\/{rel}","templated":true}]}}