{"id":80941,"date":"2024-01-29T12:43:41","date_gmt":"2024-01-29T12:43:41","guid":{"rendered":"https:\/\/activeluxe-cosmetics.com\/ba\/?page_id=80941"},"modified":"2024-08-26T09:19:40","modified_gmt":"2024-08-26T07:19:40","slug":"cijene-i-nacini-placanja","status":"publish","type":"page","link":"https:\/\/activeluxe-cosmetics.com\/ba\/cijene-i-nacini-placanja\/","title":{"rendered":"Cijene i na\u010dini pla\u0107anja"},"content":{"rendered":"\n\t<section class=\"section al-page-title-section\" id=\"section_1345242115\">\n\t\t<div class=\"bg section-bg fill bg-fill  bg-loaded\" >\n\n\t\t\t\n\t\t\t\n\t\t\t\n\n\t\t<\/div>\n\n\t\t\n\n\t\t<div class=\"section-content relative\">\n\t\t\t\n\n<div class=\"row\"  id=\"row-688157811\">\n\n\n\t<div id=\"col-514973038\" class=\"col small-12 large-12\"  >\n\t\t\t\t<div class=\"col-inner\"  >\n\t\t\t\n\t\t\t\n\n\t<div id=\"text-265498318\" class=\"text al-p-48\">\n\t\t\n\n<h2>Cijene i na\u010dini pla\u0107anja<\/h2>\n\t\t\n<style>\n#text-265498318 {\n  text-align: center;\n}\n<\/style>\n\t<\/div>\n\t\n\n\t\t<\/div>\n\t\t\t\t\t<\/div>\n\n\t\n\n<\/div>\n\n\t\t<\/div>\n\n\t\t\n<style>\n#section_1345242115 {\n  padding-top: 50px;\n  padding-bottom: 50px;\n}\n<\/style>\n\t<\/section>\n\t\n\t<section class=\"section\" id=\"section_279302264\">\n\t\t<div class=\"bg section-bg fill bg-fill  bg-loaded\" >\n\n\t\t\t\n\t\t\t\n\t\t\t\n\n\t\t<\/div>\n\n\t\t\n\n\t\t<div class=\"section-content relative\">\n\t\t\t\n\n<div class=\"row\"  id=\"row-485243771\">\n\n\n\t<div id=\"col-405681425\" class=\"col small-12 large-12\"  >\n\t\t\t\t<div class=\"col-inner\"  >\n\t\t\t\n\t\t\t\n\n\t<div id=\"text-2955055184\" class=\"text al-p-16\">\n\t\t\n\n<p>Cijene se odnose na sve kupovine putem web stranice i ve\u0107 sadr\u017ee odre\u0111ene popuste koji se mogu mijenjati.<\/p>\n<p>Mogu\u0107nost online pla\u0107anja:<\/p>\n<ul>\n<li>uplata na ra\u010dun firme Medilip Adria B d.o.o. (nakon ponude\/predra\u010duna)<\/li>\n<li>pla\u0107anje pouze\u0107em.<\/li>\n<li>pla\u0107anje karticom<\/li>\n<\/ul>\n<p>Va\u017ee\u0107a cijena proizvoda je ona objavljena na dan narud\u017ebe. Tro\u0161kovi dostave se obra\u010dunavaju prema navedenim cijenama. Ako je pojedina\u010dna narud\u017eba ve\u0107a od 100 KM, dostava je besplatna. Ponuda i cijene vrijede do nestanka zaliha, odnosno do pisanog otkaza narud\u017ebe. Sve cijene uklju\u010duju PDV. Na svu robu primjenjuje se porezna stopa od 17%. Slike su simboli\u010dne i ne odra\u017eavaju uvijek stvarnu situaciju. Zadr\u017eavamo pravo na bilo kakve izmjene ili gre\u0161ke na web stranici i drugim oglasima bez prethodne najave. U slu\u010daju da iz bilo kojeg razloga niste zadovoljni kupljenom robom, morate nam je vratiti u roku od 15 dana od dana prijema po\u0161iljke u skladu sa Zakonom o za\u0161titi potro\u0161a\u010da i niste obavezni navesti razlog.<\/p>\n<p>Za\u0161tita li\u010dnih podataka<br \/>Prodavac se obavezuje da \u0107e trajno \u0161tititi sve li\u010dne podatke korisnika. Prodavac na neodre\u0111eno vrijeme zadr\u017eava sljede\u0107e podatke \u010dlanova koji su se prijavili za primanje online vijesti: ime i prezime, e-mail adresa. Prodavac \u0107e osobne podatke koristiti isklju\u010divo u svrhu slanja online vijesti. Podaci o korisniku se ne smiju davati neovla\u0161tenim osobama ni pod kojim okolnostima. Za za\u0161titu li\u010dnih podataka odgovoran je i sam korisnik, pa mora osigurati sigurnost svojeg korisni\u010dkog imena i lozinke i za\u0161tititi svoj ra\u010dunar odgovaraju\u0107im programom (antivirusom).<\/p>\n<p>\u017dalbe i sporovi<br \/>Prodavac po\u0161tuje postoje\u0107e zakone o za\u0161titi potro\u0161a\u010da. Prodavac na sve mogu\u0107e na\u010dine nastoji da ispuni svoje obaveze i uspostavi efikasan sistem postupanja po reklamacijama i odredi osobu sa kojom u slu\u010daju problema kupac mo\u017ee kontaktirati telefonom ili e-mailom. Reklamacije se podnose putem e-maila na adresu upit@activeluxe-cosmetics.com. \u017dalbeni postupak je povjerljiv. Ponu\u0111a\u010d je svjestan da je klju\u010dna karakteristika potro\u0161a\u010dkog spora, barem \u0161to se ti\u010de sudskog rje\u0161avanja predmeta, njegova nesrazmjera izme\u0111u ekonomske vrijednosti potra\u017eivanja i tro\u0161kova nastalih u rje\u0161avanju samog spora. To je tako\u0111e jedna od glavnih prepreka za potro\u0161a\u010da da pokrene postupak pred sudom. Zato \u0107e ponu\u0111a\u010d savjesno ulo\u017eiti maksimalne napore da eventualne sporove rije\u0161i mirnim putem.<\/p>\n<p>Mi\u0161ljenje, prijedlozi<br \/>Va\u0161i prijedlozi i komentari su dobrodo\u0161li. Mo\u017eete nam pisati na e-mail: upit@activeluxe-cosmetics.com.<\/p>\n<p>Svako mi\u0161ljenje nam puno zna\u010di i na tome vam se iskreno zahvaljujemo!<\/p>\n<p>\u00a0<\/p>\n\t\t\t<\/div>\n\t\n\n\t\t<\/div>\n\t\t\t\t\t<\/div>\n\n\t\n\n<\/div>\n\n\t\t<\/div>\n\n\t\t\n<style>\n#section_279302264 {\n  padding-top: 30px;\n  padding-bottom: 30px;\n}\n<\/style>\n\t<\/section>\n\t\n\n","protected":false},"excerpt":{"rendered":"","protected":false},"author":6,"featured_media":0,"parent":0,"menu_order":0,"comment_status":"closed","ping_status":"closed","template":"","meta":{"footnotes":""},"class_list":["post-80941","page","type-page","status-publish","hentry"],"acf":[],"yoast_head":"<!-- This site is optimized with the Yoast SEO plugin v26.5 - https:\/\/yoast.com\/wordpress\/plugins\/seo\/ -->\n<title>Cijene i na\u010dini pla\u0107anja - Active Luxe Cosmetics<\/title>\n<meta name=\"robots\" content=\"index, follow, max-snippet:-1, max-image-preview:large, max-video-preview:-1\" \/>\n<link rel=\"canonical\" href=\"https:\/\/activeluxe-cosmetics.com\/ba\/cijene-i-nacini-placanja\/\" \/>\n<meta property=\"og:locale\" content=\"hr_HR\" \/>\n<meta property=\"og:type\" content=\"article\" \/>\n<meta property=\"og:title\" content=\"Cijene i na\u010dini pla\u0107anja - Active Luxe Cosmetics\" \/>\n<meta property=\"og:url\" content=\"https:\/\/activeluxe-cosmetics.com\/ba\/cijene-i-nacini-placanja\/\" \/>\n<meta property=\"og:site_name\" content=\"Active Luxe Cosmetics\" \/>\n<meta property=\"article:modified_time\" content=\"2024-08-26T07:19:40+00:00\" \/>\n<meta name=\"twitter:card\" content=\"summary_large_image\" \/>\n<script type=\"application\/ld+json\" class=\"yoast-schema-graph\">{\"@context\":\"https:\/\/schema.org\",\"@graph\":[{\"@type\":\"WebPage\",\"@id\":\"https:\/\/activeluxe-cosmetics.com\/ba\/cijene-i-nacini-placanja\/\",\"url\":\"https:\/\/activeluxe-cosmetics.com\/ba\/cijene-i-nacini-placanja\/\",\"name\":\"Cijene i na\u010dini pla\u0107anja - Active Luxe Cosmetics\",\"isPartOf\":{\"@id\":\"https:\/\/activeluxe-cosmetics.com\/ba\/#website\"},\"datePublished\":\"2024-01-29T12:43:41+00:00\",\"dateModified\":\"2024-08-26T07:19:40+00:00\",\"breadcrumb\":{\"@id\":\"https:\/\/activeluxe-cosmetics.com\/ba\/cijene-i-nacini-placanja\/#breadcrumb\"},\"inLanguage\":\"hr\",\"potentialAction\":[{\"@type\":\"ReadAction\",\"target\":[\"https:\/\/activeluxe-cosmetics.com\/ba\/cijene-i-nacini-placanja\/\"]}]},{\"@type\":\"BreadcrumbList\",\"@id\":\"https:\/\/activeluxe-cosmetics.com\/ba\/cijene-i-nacini-placanja\/#breadcrumb\",\"itemListElement\":[{\"@type\":\"ListItem\",\"position\":1,\"name\":\"Naslovnica\",\"item\":\"https:\/\/activeluxe-cosmetics.com\/ba\/\"},{\"@type\":\"ListItem\",\"position\":2,\"name\":\"Cijene i na\u010dini pla\u0107anja\"}]},{\"@type\":\"WebSite\",\"@id\":\"https:\/\/activeluxe-cosmetics.com\/ba\/#website\",\"url\":\"https:\/\/activeluxe-cosmetics.com\/ba\/\",\"name\":\"Active Luxe Cosmetics\",\"description\":\"\",\"potentialAction\":[{\"@type\":\"SearchAction\",\"target\":{\"@type\":\"EntryPoint\",\"urlTemplate\":\"https:\/\/activeluxe-cosmetics.com\/ba\/?s={search_term_string}\"},\"query-input\":{\"@type\":\"PropertyValueSpecification\",\"valueRequired\":true,\"valueName\":\"search_term_string\"}}],\"inLanguage\":\"hr\"}]}<\/script>\n<!-- \/ Yoast SEO plugin. -->","yoast_head_json":{"title":"Cijene i na\u010dini pla\u0107anja - Active Luxe Cosmetics","robots":{"index":"index","follow":"follow","max-snippet":"max-snippet:-1","max-image-preview":"max-image-preview:large","max-video-preview":"max-video-preview:-1"},"canonical":"https:\/\/activeluxe-cosmetics.com\/ba\/cijene-i-nacini-placanja\/","og_locale":"hr_HR","og_type":"article","og_title":"Cijene i na\u010dini pla\u0107anja - Active Luxe Cosmetics","og_url":"https:\/\/activeluxe-cosmetics.com\/ba\/cijene-i-nacini-placanja\/","og_site_name":"Active Luxe Cosmetics","article_modified_time":"2024-08-26T07:19:40+00:00","twitter_card":"summary_large_image","schema":{"@context":"https:\/\/schema.org","@graph":[{"@type":"WebPage","@id":"https:\/\/activeluxe-cosmetics.com\/ba\/cijene-i-nacini-placanja\/","url":"https:\/\/activeluxe-cosmetics.com\/ba\/cijene-i-nacini-placanja\/","name":"Cijene i na\u010dini pla\u0107anja - Active Luxe Cosmetics","isPartOf":{"@id":"https:\/\/activeluxe-cosmetics.com\/ba\/#website"},"datePublished":"2024-01-29T12:43:41+00:00","dateModified":"2024-08-26T07:19:40+00:00","breadcrumb":{"@id":"https:\/\/activeluxe-cosmetics.com\/ba\/cijene-i-nacini-placanja\/#breadcrumb"},"inLanguage":"hr","potentialAction":[{"@type":"ReadAction","target":["https:\/\/activeluxe-cosmetics.com\/ba\/cijene-i-nacini-placanja\/"]}]},{"@type":"BreadcrumbList","@id":"https:\/\/activeluxe-cosmetics.com\/ba\/cijene-i-nacini-placanja\/#breadcrumb","itemListElement":[{"@type":"ListItem","position":1,"name":"Naslovnica","item":"https:\/\/activeluxe-cosmetics.com\/ba\/"},{"@type":"ListItem","position":2,"name":"Cijene i na\u010dini pla\u0107anja"}]},{"@type":"WebSite","@id":"https:\/\/activeluxe-cosmetics.com\/ba\/#website","url":"https:\/\/activeluxe-cosmetics.com\/ba\/","name":"Active Luxe Cosmetics","description":"","potentialAction":[{"@type":"SearchAction","target":{"@type":"EntryPoint","urlTemplate":"https:\/\/activeluxe-cosmetics.com\/ba\/?s={search_term_string}"},"query-input":{"@type":"PropertyValueSpecification","valueRequired":true,"valueName":"search_term_string"}}],"inLanguage":"hr"}]}},"_links":{"self":[{"href":"https:\/\/activeluxe-cosmetics.com\/ba\/wp-json\/wp\/v2\/pages\/80941","targetHints":{"allow":["GET"]}}],"collection":[{"href":"https:\/\/activeluxe-cosmetics.com\/ba\/wp-json\/wp\/v2\/pages"}],"about":[{"href":"https:\/\/activeluxe-cosmetics.com\/ba\/wp-json\/wp\/v2\/types\/page"}],"author":[{"embeddable":true,"href":"https:\/\/activeluxe-cosmetics.com\/ba\/wp-json\/wp\/v2\/users\/6"}],"replies":[{"embeddable":true,"href":"https:\/\/activeluxe-cosmetics.com\/ba\/wp-json\/wp\/v2\/comments?post=80941"}],"version-history":[{"count":10,"href":"https:\/\/activeluxe-cosmetics.com\/ba\/wp-json\/wp\/v2\/pages\/80941\/revisions"}],"predecessor-version":[{"id":81943,"href":"https:\/\/activeluxe-cosmetics.com\/ba\/wp-json\/wp\/v2\/pages\/80941\/revisions\/81943"}],"wp:attachment":[{"href":"https:\/\/activeluxe-cosmetics.com\/ba\/wp-json\/wp\/v2\/media?parent=80941"}],"curies":[{"name":"wp","href":"https:\/\/api.w.org\/{rel}","templated":true}]}}