{"id":80938,"date":"2024-01-29T12:42:19","date_gmt":"2024-01-29T12:42:19","guid":{"rendered":"https:\/\/activeluxe-cosmetics.com\/ba\/?page_id=80938"},"modified":"2025-01-13T15:33:05","modified_gmt":"2025-01-13T14:33:05","slug":"podaci-o-dostavi","status":"publish","type":"page","link":"https:\/\/activeluxe-cosmetics.com\/ba\/podaci-o-dostavi\/","title":{"rendered":"Informacije o dostavi"},"content":{"rendered":"\n\t<section class=\"section al-page-title-section\" id=\"section_1031794286\">\n\t\t<div class=\"bg section-bg fill bg-fill  bg-loaded\" >\n\n\t\t\t\n\t\t\t\n\t\t\t\n\n\t\t<\/div>\n\n\t\t\n\n\t\t<div class=\"section-content relative\">\n\t\t\t\n\n<div class=\"row\"  id=\"row-1433518706\">\n\n\n\t<div id=\"col-2048536753\" class=\"col small-12 large-12\"  >\n\t\t\t\t<div class=\"col-inner\"  >\n\t\t\t\n\t\t\t\n\n\t<div id=\"text-2188505053\" class=\"text al-p-48\">\n\t\t\n\n<h2>Informacije o dostavi<\/h2>\n\t\t\n<style>\n#text-2188505053 {\n  text-align: center;\n}\n<\/style>\n\t<\/div>\n\t\n\n\t\t<\/div>\n\t\t\t\t\t<\/div>\n\n\t\n\n<\/div>\n\n\t\t<\/div>\n\n\t\t\n<style>\n#section_1031794286 {\n  padding-top: 50px;\n  padding-bottom: 50px;\n}\n<\/style>\n\t<\/section>\n\t\n\t<section class=\"section\" id=\"section_916185394\">\n\t\t<div class=\"bg section-bg fill bg-fill  bg-loaded\" >\n\n\t\t\t\n\t\t\t\n\t\t\t\n\n\t\t<\/div>\n\n\t\t\n\n\t\t<div class=\"section-content relative\">\n\t\t\t\n\n<div class=\"row\"  id=\"row-1772275490\">\n\n\n\t<div id=\"col-1847545898\" class=\"col small-12 large-12\"  >\n\t\t\t\t<div class=\"col-inner\"  >\n\t\t\t\n\t\t\t\n\n\t<div id=\"text-2329953410\" class=\"text al-p-16\">\n\t\t\n\n<p style=\"text-align: left;\"><strong>O\u0161te\u0107enje proizvoda<\/strong><\/p>\n<p style=\"text-align: left;\"><br \/>Kupac je du\u017ean da kod preuzimanja proizvoda pa\u017eljivo pregleda ambala\u017eu i njen sadr\u017eaj. U slu\u010daju o\u0161te\u0107enja na proizvodu, kupac je du\u017ean odmah prijaviti \u0161tetu dostavlja\u010du. Kupac je du\u017ean sa po\u0161tanskim radnicima sastaviti slu\u017ebeni zapisnik, s posebnom pa\u017enjom popuniti rubriku o stanju ambala\u017ee i proizvoda. Kupac \u0107e predati o\u0161te\u0107eni proizvod, koji \u0107e zajedno sa slu\u017ebenom evidencijom biti poslat na adresu po\u0161iljaoca o tro\u0161ku firme Medilip Adria B. d.o.o. Nakon prijema o\u0161te\u0107enog proizvoda, kupcu \u0107emo poslati novi proizvod u najkra\u0107em mogu\u0107em roku. U slu\u010daju da kupac uo\u010di o\u0161te\u0107enje nakon isporuke proizvoda, a najkasnije u roku od 30 dana od isporuke, o\u0161te\u0107enje treba prijaviti na upit@activeluxecosmetics.com. Uslov za prijavu o\u0161te\u0107enja proizvoda u roku od 30 dana od dana isporuke je sa\u010duvana ambala\u017ea na osnovu koje se pravi zabilje\u0161ka gdje je i kako do\u0161lo do o\u0161te\u0107enja. Tako\u0111e je po\u017eeljno da se o\u0161te\u0107enja snime kamerom i da se fotografije po\u0161alju na adresu upit@active luxecosmetics.com. Naknadne reklamacije za \u0161tetu transportna slu\u017eba uva\u017eava samo iznimno i na\u0161a firma ih ne mo\u017ee rije\u0161iti u njihovo ime.<\/p>\n<p style=\"text-align: left;\"><strong>Na\u010din isporuke i tro\u0161kovi<\/strong><\/p>\n<p style=\"text-align: left;\"><br \/>Ugovorni partner za dostavu paketa je <div class=\"is-divider divider clearfix\" ><\/div><div class=\"is-divider divider clearfix\" ><\/div>, koji ve\u0107inu paketa isporu\u010duje u roku od<div class=\"is-divider divider clearfix\" ><\/div> do <div class=\"is-divider divider clearfix\" ><\/div> sati. Cijena dostave za podru\u010dje Bosne i Hercegovine iznosi 9 KM. Za online narud\u017ebe iznad 90 KM dostava je besplatna. Naru\u010dena roba \u0107e biti poslata na adresu koju ste naveli kod naru\u010divanja. Dostava se obavlja od ponedjeljka do petka u jutarnjim satima. Internet trgovina ni u kom slu\u010daju nije odgovorna za ka\u0161njenje u isporuci. U slu\u010daju da naru\u010denog proizvoda nema na zalihama, obavijestit \u0107emo vas i predlo\u017eiti drugu ponudu ili nazna\u010diti rok isporuke za proizvod koji ste naru\u010dili.<\/p>\n<p style=\"text-align: left;\"><br \/><strong>Mi\u0161ljenje, prijedlozi<\/strong><\/p>\n<p style=\"text-align: left;\"><br \/>Va\u0161i prijedlozi i komentari su dobrodo\u0161li. Mo\u017eete nam pisati na e-mail: upit@activeluxecosmetics.com Radujemo se svakom komentaru i na tome vam iskreno zahvaljujemo!<\/p>\n\t\t\t<\/div>\n\t\n\n\t\t<\/div>\n\t\t\t\t\t<\/div>\n\n\t\n\n<\/div>\n\n\t\t<\/div>\n\n\t\t\n<style>\n#section_916185394 {\n  padding-top: 30px;\n  padding-bottom: 30px;\n}\n<\/style>\n\t<\/section>\n\t\n\n","protected":false},"excerpt":{"rendered":"","protected":false},"author":6,"featured_media":0,"parent":0,"menu_order":0,"comment_status":"closed","ping_status":"closed","template":"","meta":{"footnotes":""},"class_list":["post-80938","page","type-page","status-publish","hentry"],"acf":[],"yoast_head":"<!-- This site is optimized with the Yoast SEO plugin v26.5 - https:\/\/yoast.com\/wordpress\/plugins\/seo\/ -->\n<title>Informacije o dostavi - Active Luxe Cosmetics<\/title>\n<meta name=\"robots\" content=\"index, follow, max-snippet:-1, max-image-preview:large, max-video-preview:-1\" \/>\n<link rel=\"canonical\" href=\"https:\/\/activeluxe-cosmetics.com\/ba\/podaci-o-dostavi\/\" \/>\n<meta property=\"og:locale\" content=\"hr_HR\" \/>\n<meta property=\"og:type\" content=\"article\" \/>\n<meta property=\"og:title\" content=\"Informacije o dostavi - Active Luxe Cosmetics\" \/>\n<meta property=\"og:url\" content=\"https:\/\/activeluxe-cosmetics.com\/ba\/podaci-o-dostavi\/\" \/>\n<meta property=\"og:site_name\" content=\"Active Luxe Cosmetics\" \/>\n<meta property=\"article:modified_time\" content=\"2025-01-13T14:33:05+00:00\" \/>\n<meta name=\"twitter:card\" content=\"summary_large_image\" \/>\n<script type=\"application\/ld+json\" class=\"yoast-schema-graph\">{\"@context\":\"https:\/\/schema.org\",\"@graph\":[{\"@type\":\"WebPage\",\"@id\":\"https:\/\/activeluxe-cosmetics.com\/ba\/podaci-o-dostavi\/\",\"url\":\"https:\/\/activeluxe-cosmetics.com\/ba\/podaci-o-dostavi\/\",\"name\":\"Informacije o dostavi - Active Luxe Cosmetics\",\"isPartOf\":{\"@id\":\"https:\/\/activeluxe-cosmetics.com\/ba\/#website\"},\"datePublished\":\"2024-01-29T12:42:19+00:00\",\"dateModified\":\"2025-01-13T14:33:05+00:00\",\"breadcrumb\":{\"@id\":\"https:\/\/activeluxe-cosmetics.com\/ba\/podaci-o-dostavi\/#breadcrumb\"},\"inLanguage\":\"hr\",\"potentialAction\":[{\"@type\":\"ReadAction\",\"target\":[\"https:\/\/activeluxe-cosmetics.com\/ba\/podaci-o-dostavi\/\"]}]},{\"@type\":\"BreadcrumbList\",\"@id\":\"https:\/\/activeluxe-cosmetics.com\/ba\/podaci-o-dostavi\/#breadcrumb\",\"itemListElement\":[{\"@type\":\"ListItem\",\"position\":1,\"name\":\"Naslovnica\",\"item\":\"https:\/\/activeluxe-cosmetics.com\/ba\/\"},{\"@type\":\"ListItem\",\"position\":2,\"name\":\"Informacije o dostavi\"}]},{\"@type\":\"WebSite\",\"@id\":\"https:\/\/activeluxe-cosmetics.com\/ba\/#website\",\"url\":\"https:\/\/activeluxe-cosmetics.com\/ba\/\",\"name\":\"Active Luxe Cosmetics\",\"description\":\"\",\"potentialAction\":[{\"@type\":\"SearchAction\",\"target\":{\"@type\":\"EntryPoint\",\"urlTemplate\":\"https:\/\/activeluxe-cosmetics.com\/ba\/?s={search_term_string}\"},\"query-input\":{\"@type\":\"PropertyValueSpecification\",\"valueRequired\":true,\"valueName\":\"search_term_string\"}}],\"inLanguage\":\"hr\"}]}<\/script>\n<!-- \/ Yoast SEO plugin. -->","yoast_head_json":{"title":"Informacije o dostavi - Active Luxe Cosmetics","robots":{"index":"index","follow":"follow","max-snippet":"max-snippet:-1","max-image-preview":"max-image-preview:large","max-video-preview":"max-video-preview:-1"},"canonical":"https:\/\/activeluxe-cosmetics.com\/ba\/podaci-o-dostavi\/","og_locale":"hr_HR","og_type":"article","og_title":"Informacije o dostavi - Active Luxe Cosmetics","og_url":"https:\/\/activeluxe-cosmetics.com\/ba\/podaci-o-dostavi\/","og_site_name":"Active Luxe Cosmetics","article_modified_time":"2025-01-13T14:33:05+00:00","twitter_card":"summary_large_image","schema":{"@context":"https:\/\/schema.org","@graph":[{"@type":"WebPage","@id":"https:\/\/activeluxe-cosmetics.com\/ba\/podaci-o-dostavi\/","url":"https:\/\/activeluxe-cosmetics.com\/ba\/podaci-o-dostavi\/","name":"Informacije o dostavi - Active Luxe Cosmetics","isPartOf":{"@id":"https:\/\/activeluxe-cosmetics.com\/ba\/#website"},"datePublished":"2024-01-29T12:42:19+00:00","dateModified":"2025-01-13T14:33:05+00:00","breadcrumb":{"@id":"https:\/\/activeluxe-cosmetics.com\/ba\/podaci-o-dostavi\/#breadcrumb"},"inLanguage":"hr","potentialAction":[{"@type":"ReadAction","target":["https:\/\/activeluxe-cosmetics.com\/ba\/podaci-o-dostavi\/"]}]},{"@type":"BreadcrumbList","@id":"https:\/\/activeluxe-cosmetics.com\/ba\/podaci-o-dostavi\/#breadcrumb","itemListElement":[{"@type":"ListItem","position":1,"name":"Naslovnica","item":"https:\/\/activeluxe-cosmetics.com\/ba\/"},{"@type":"ListItem","position":2,"name":"Informacije o dostavi"}]},{"@type":"WebSite","@id":"https:\/\/activeluxe-cosmetics.com\/ba\/#website","url":"https:\/\/activeluxe-cosmetics.com\/ba\/","name":"Active Luxe Cosmetics","description":"","potentialAction":[{"@type":"SearchAction","target":{"@type":"EntryPoint","urlTemplate":"https:\/\/activeluxe-cosmetics.com\/ba\/?s={search_term_string}"},"query-input":{"@type":"PropertyValueSpecification","valueRequired":true,"valueName":"search_term_string"}}],"inLanguage":"hr"}]}},"_links":{"self":[{"href":"https:\/\/activeluxe-cosmetics.com\/ba\/wp-json\/wp\/v2\/pages\/80938","targetHints":{"allow":["GET"]}}],"collection":[{"href":"https:\/\/activeluxe-cosmetics.com\/ba\/wp-json\/wp\/v2\/pages"}],"about":[{"href":"https:\/\/activeluxe-cosmetics.com\/ba\/wp-json\/wp\/v2\/types\/page"}],"author":[{"embeddable":true,"href":"https:\/\/activeluxe-cosmetics.com\/ba\/wp-json\/wp\/v2\/users\/6"}],"replies":[{"embeddable":true,"href":"https:\/\/activeluxe-cosmetics.com\/ba\/wp-json\/wp\/v2\/comments?post=80938"}],"version-history":[{"count":12,"href":"https:\/\/activeluxe-cosmetics.com\/ba\/wp-json\/wp\/v2\/pages\/80938\/revisions"}],"predecessor-version":[{"id":82065,"href":"https:\/\/activeluxe-cosmetics.com\/ba\/wp-json\/wp\/v2\/pages\/80938\/revisions\/82065"}],"wp:attachment":[{"href":"https:\/\/activeluxe-cosmetics.com\/ba\/wp-json\/wp\/v2\/media?parent=80938"}],"curies":[{"name":"wp","href":"https:\/\/api.w.org\/{rel}","templated":true}]}}