{"id":80934,"date":"2024-01-29T12:38:17","date_gmt":"2024-01-29T12:38:17","guid":{"rendered":"https:\/\/activeluxe-cosmetics.com\/ba\/?page_id=80934"},"modified":"2025-01-13T15:29:00","modified_gmt":"2025-01-13T14:29:00","slug":"pravilnik-o-privatnosti","status":"publish","type":"page","link":"https:\/\/activeluxe-cosmetics.com\/ba\/pravilnik-o-privatnosti\/","title":{"rendered":"Politika privatnosti"},"content":{"rendered":"\n\t<section class=\"section al-page-title-section\" id=\"section_1648810168\">\n\t\t<div class=\"bg section-bg fill bg-fill  bg-loaded\" >\n\n\t\t\t\n\t\t\t\n\t\t\t\n\n\t\t<\/div>\n\n\t\t\n\n\t\t<div class=\"section-content relative\">\n\t\t\t\n\n<div class=\"row\"  id=\"row-408375449\">\n\n\n\t<div id=\"col-245500544\" class=\"col small-12 large-12\"  >\n\t\t\t\t<div class=\"col-inner\"  >\n\t\t\t\n\t\t\t\n\n\t<div id=\"text-1351748825\" class=\"text al-p-48\">\n\t\t\n\n<h2>Pravilnik o privatnosti<\/h2>\n\t\t\n<style>\n#text-1351748825 {\n  text-align: center;\n}\n<\/style>\n\t<\/div>\n\t\n\n\t\t<\/div>\n\t\t\t\t\t<\/div>\n\n\t\n\n<\/div>\n\n\t\t<\/div>\n\n\t\t\n<style>\n#section_1648810168 {\n  padding-top: 50px;\n  padding-bottom: 50px;\n}\n<\/style>\n\t<\/section>\n\t\n\t<section class=\"section\" id=\"section_2023492724\">\n\t\t<div class=\"bg section-bg fill bg-fill  bg-loaded\" >\n\n\t\t\t\n\t\t\t\n\t\t\t\n\n\t\t<\/div>\n\n\t\t\n\n\t\t<div class=\"section-content relative\">\n\t\t\t\n\n<div class=\"row\"  id=\"row-1624632615\">\n\n\n\t<div id=\"col-1458717234\" class=\"col small-12 large-12\"  >\n\t\t\t\t<div class=\"col-inner\"  >\n\t\t\t\n\t\t\t\n\n\t<div id=\"text-1089785240\" class=\"text al-p-16\">\n\t\t\n\n<p><strong>MEDILIP ADRIA B D.O.O.<\/strong><\/p>\n<p><strong>1) O Politici privatnosti<\/strong><\/p>\n<p>Svrha Politike privatnosti Medilip Adria B d.o.o. (u nastavku: &#8220;Politika privatnosti&#8221;) je upoznavanje korisnika usluga Medilip Adria B d.o.o. i drugih osoba (u daljnjem tekstu: &#8220;pojedinci&#8221;) sa svrhom i osnovama obrade li\u010dnih podataka od strane Medilip Adria B d.o.o.,Poljavnice 325 Novi Grad, i prava pojedinaca na tom podru\u010dju. Kompanija vodi posebnu brigu o sigurnosti va\u0161ih li\u010dnih podataka. Svi proslije\u0111eni li\u010dni podaci tretiraju se s potpunim povjerenjem i koriste se u svrhu za koju su proslije\u0111eni. Va\u0161im privatnim podacima upravljamo s najve\u0107om pa\u017enjom, uzimaju\u0107i u obzir trenutno va\u017ee\u0107e zakone i najvi\u0161e standarde postupanja. Izme\u0111u ostalog, o sigurnosti va\u0161ih li\u010dnih podataka brinemo odgovaraju\u0107im organizacionim mjerama, radnim procesima i naprednim tehnolo\u0161kim rje\u0161enjima, kao i kroz suradnju sa vanjskim stru\u010dnjacima da bismo \u0161to efikasnije za\u0161titili va\u0161e li\u010dne podatke. Pri tome koristimo odgovaraju\u0107i nivo za\u0161tite i razumne fizi\u010dke, elektronske i administrativne mjere za za\u0161titu prikupljenih podataka od slu\u010dajnog ili nezakonitog uni\u0161tenja, gubitka, izmjene, neovla\u0161tenog otkrivanja li\u010dnih podataka ili neovla\u0161tenog pristupa li\u010dnim podacima koji su prenijeti, uskladi\u0161teni ili na drugi na\u010din obra\u0111eni. Ova Politika privatnosti istovremeno dodatno poja\u0161njava pristanak koji ste dali za obradu va\u0161ih li\u010dnih podataka. Politika privatnosti je u skladu sa Uredbom (EU) 2016\/679 Evropskog parlamenta i Svijeta od 27. aprila 2016. o za\u0161titi pojedinaca tokom obrade li\u010dnih podataka i o slobodnom protoku tih podataka i o ukidanju Direktive 95\/46\/EC (u nastavku: \u201eOp\u0107e odredbe o za\u0161titi podataka\u201c) i obuhva\u0107ene su sljede\u0107e informacije: &#8211; kontakt informacije kompanije, &#8211; svrhe, osnove i vrste obrade razli\u010ditih vrsta li\u010dnih podataka pojedinaca, &#8211; vrijeme \u010duvanja odre\u0111enih vrsta li\u010dnih podataka, &#8211; prava pojedinaca u vezi sa obradom li\u010dnih podataka, &#8211; pravo na podno\u0161enje prigovora na obradu li\u010dnih podataka, &#8211; valjanost Politike privatnosti<\/p>\n<p><strong>2) Li\u010dni podaci koje prikuplja kompanija<\/strong><\/p>\n<p>Ako ste samo posjetitelj web stranice, podatke o vama prikupljamo samo uz kori\u0161tenje kola\u010di\u0107a. Ako ste korisnik usluga ili naru\u010dilac usluga koje nudi kompanija, o vama prikupljamo i druge li\u010dne podatke, koji su nam potrebni za obavljanje usluga koje ste naru\u010dili ili koje koristite. Ti li\u010dni podaci su: \u2013 ime i prezime \u2013 kontakt e-mail adresa \u2013 kontakt telefon \u2013 IP adresa \u2013 podaci za izradu ponude na osnovu va\u0161eg pitanja (va\u0161a adresa, porezni broj)<\/p>\n<p><strong>3) Voditelj obrade li\u010dnih podataka<\/strong><\/p>\n<p>Voditelj obrade li\u010dnih podataka koji se obra\u0111uju u skladu s ovim Pravilima privatnosti je Medilip Adria B d.o.o., Poljavnice 325, Novi Grad<\/p>\n<p><strong>4) Kategorije pojedinaca za koje se obra\u0111uju li\u010dni podaci<\/strong><\/p>\n<p>Ova Politika privatnosti namijenjena je svima koji su se pretplatili i\/ili koristili na\u0161e usluge ili su poslali upit, kao i onima koji posje\u0107uju na\u0161u web stranicu.<\/p>\n<p><strong>5) Svrha obrade i osnova za obradu podataka<\/strong><\/p>\n<p><strong> 5.1. Obrada na osnovu ugovora:<\/strong> U sklopu ostvarivanja ugovornih prava i ispunjenja ugovornih obaveza, kompanija obra\u0111uje va\u0161e li\u010dne podatke u sljede\u0107e svrhe: identifikacija pojedinca, priprema ponude, sklapanje ugovora, pru\u017eanje naru\u010denih usluga, obavje\u0161tavanje o mogu\u0107im promjenama, dodatni detalji i uputstva za kori\u0161tenje usluga, reklamacije, fakturisanje usluga i druge svrhe neophodne za realizaciju ili zaklju\u010divanje ugovornog odnosa izme\u0111u kompanije i pojedinca. Kod naplate usluga, na osnovu poreznih propisa, prikupljamo i obra\u0111ujemo podatke o va\u0161oj adresi za ispravno izdavanje fakture.<\/p>\n<p><strong>5.2. Obrada na osnovu zakona:<\/strong> Na osnovu legitimnog interesa, va\u0161e li\u010dne podatke koristimo za otkrivanje i spre\u010davanje la\u017ene upotrebe i zloupotrebe usluga, kako bismo dalje osigurali stabilan i siguran rad na\u0161eg sistema i usluga, kao i za implementaciju mjera sigurnosti informacija, ispunjavanje zahtjeva za kvalitetom usluge i otkrivanje tehni\u010dkih sistemskih kvarova i usluga. Na osnovu legitimnog interesa, va\u0161e li\u010dne podatke tako\u0111er koristimo u svrhu mogu\u0107eg izvr\u0161enja te sudskih i vansudskih postupaka. U skladu sa Op\u0107om uredbom, u slu\u010daju sumnje na zloupotrebu, kompanija mo\u017ee obraditi podatke o pojedincima u primjerenom i proporcionalnom obimu u svrhu identifikacije i spre\u010davanja mogu\u0107e prevare ili zloupotrebe i, po potrebi, te podatke proslijediti drugim pru\u017eaocima usluga, poslovnim partnerima i policiji, dr\u017eavnom odvjetni\u0161tvu ili drugim nadle\u017enim organima. Da bi se sprije\u010dile budu\u0107e zloupotrebe ili prevare, informacije o historiji identificirane zloupotrebe ili prevare pojedinca, koje uklju\u010duju informacije o pretplatni\u010dkom odnosu i, na primjer, IP adresi, mogu se \u010duvati pet godina nakon zavr\u0161etka poslovnog odnosa.<\/p>\n<p><strong>5.3. Obrada na osnovu pristanka za obradu li\u010dnih podataka:<\/strong> Obrada podataka se tako\u0111er mo\u017ee zasnivati na va\u0161em pristanku, koji je proslije\u0111en kompaniji. Na primjer, pristanak se mo\u017ee odnositi na komunikaciju ponuda, pogodnosti i pobolj\u0161anja usluga koje pru\u017ea kompanija. Svrha takvih informacija je da se usluge \u0161to vi\u0161e pribli\u017ee va\u0161im potrebama i \u017eeljama i da se pove\u0107a njihova korisna vrijednost za vas. Obavje\u0161tavanje se obavlja putem kanala koje ste odabrali u pristanku. Obavje\u0161tenja mo\u017eete opozvati u bilo kojem trenutku, kako je definirano u Politici privatnosti. Svoj pristanak mo\u017eete povu\u0107i ili promijeniti u bilo kojem trenutku na isti na\u010din na koji ste ga dali ili kako je druga\u010dije definirano u Politici privatnosti, dok kompanija zadr\u017eava pravo na identifikaciju kupca. Promjena saglasnosti se mo\u017ee organizovati i e-mailom na upit@activeluxe-cosmetics.com ili pisanim zahtjevom upu\u0107enim u centralu kompanije. Povla\u010denje ili promjena pristanka se odnosi samo na podatke koji se obra\u0111uju na osnovu va\u0161eg pristanka. Va\u0161a posljednja saglasnost koju ste nam proslijedili je va\u017ee\u0107a. Mogu\u0107nost opoziva saglasnosti ne predstavlja pravo na istupanje iz poslovnog odnosa pojedinca sa kompanijom. Podaci za koje ste dali pristanak obra\u0111uju se bez opoziva do dvije godine nakon prestanka poslovnog odnosa sa kompanijom.<\/p>\n<p><strong>6) Ograni\u010denja u prijenosu li\u010dnih podataka<\/strong><\/p>\n<p>Ako je potrebno, ovlastit \u0107emo druge kompanije i pojedince da izvode odre\u0111ene radove koji doprinose na\u0161im uslugama. U tom slu\u010daju, kompanija mo\u017ee dati li\u010dne podatke takvim pa\u017eljivo odabranim eksternim menad\u017eerima koji \u0107e sa kompanijom sklopiti ugovor o obradi li\u010dnih podataka ili isti ugovor ili drugi obavezuju\u0107i dokument (u daljem tekstu: &#8220;Ugovor o obradi&#8221;). Mi \u0107emo pru\u017eiti ili u\u010diniti dostupnim takve podatke vanjskim kontrolorima za obradu samo u mjeri potrebnoj za odre\u0111enu svrhu. Ove podatke vanjski administrator ne smije koristiti ni u jednu drugu svrhu, pod uslovom da ispunjavaju barem sve standarde za obradu li\u010dnih podataka predvi\u0111ene va\u017ee\u0107im zakonodavstvom. Kompanija ugovorno obavezuje eksterne menad\u017eere da po\u0161tuju povjerljivost va\u0161ih li\u010dnih podataka. Na osnovu obrazlo\u017eenog zahtjeva, kompanije dostavljaju li\u010dne podatke i nadle\u017enim dr\u017eavnim organima koji za to imaju zakonski osnov. Tvrtke d.o.o. \u0107e, na primjer, odgovoriti na zahtjeve sudova, organa za provo\u0111enje zakona i drugih dr\u017eavnih organa, \u0161to mo\u017ee uklju\u010divati i nacionalne vlasti iz druge zemlje \u010dlanice EU.<\/p>\n<p><strong>7) Period \u010duvanja li\u010dnih podataka<\/strong><\/p>\n<p>Period \u010duvanja podataka odre\u0111uje se prema kategoriji pojedina\u010dnih podataka. Podaci se \u010duvaju najdu\u017ee potrebno za postizanje svrhe za koju su prikupljeni ili dalje obra\u0111eni ili do isteka roka zastare ispunjenja obaveza ili zakonom propisanog roka \u010duvanja. Ra\u010dunovodstveni podaci i povezani kontakt podaci o fizi\u010dkim licima mogu se \u010duvati zbog ispunjavanja ugovornih obaveza do pune naplate usluge ili do isteka roka zastarelosti pojedina\u010dnog zahtjeva, koji mo\u017ee trajati od jedne do pet godina. Ra\u010duni se \u010duvaju 10 godina nakon isteka godine na koju se ra\u010dun odnosi, u skladu sa zakonom kojim se ure\u0111uje porez na dodatu vrijednost. Ostali podaci dobijeni na osnovu va\u0161eg pristanka \u010duvaju se za vrijeme trajanja poslovnog odnosa i 2 godine nakon njegovog prestanka, osim ako zakonom nije predvi\u0111en du\u017ei rok \u010duvanja. Ako pojedinac koji je dao saglasnost za obradu li\u010dnih podataka nije stupio u poslovni odnos sa nama, njegova saglasnost va\u017ei 2 godine od dana podno\u0161enja ili do opoziva. Na kraju perioda skladi\u0161tenja, podaci \u0107e biti izbrisani, uni\u0161teni, blokirani ili anonimizirani, osim ako je druga\u010dije odre\u0111eno zakonom za svaku vrstu podataka.<\/p>\n<p><strong>8) Prava pojedinaca u vezi sa obradom li\u010dnih podataka<\/strong><\/p>\n<p>Garantujemo ostvarivanje va\u0161ih prava u vezi sa obradom va\u0161ih li\u010dnih podataka bez nepotrebnog odlaganja. O va\u0161em zahtjevu \u0107emo odlu\u010diti u roku od mjesec dana od prijema zahtjeva. U slu\u010daju slo\u017eenosti i velikog broja zahtjeva, rok se mo\u017ee produ\u017eiti za najvi\u0161e dva dodatna mjeseca. Ako produ\u017eimo rok, obavijestit \u0107emo vas o svakom takvom produ\u017eenju u roku od mjesec dana od prijema zahtjeva, zajedno sa razlozima za produ\u017eenje.<\/p>\n<p>Zahtjeve u vezi ostvarivanja va\u0161ih prava primamo na e-mail upit@activeluxe-cosmetics.com ili po\u0161tom na adresu<\/p>\n<div>Medilip Adria B d.o.o.<\/div>\n<div>Poljavnice 325<\/div>\n<div>Novi Grad<\/div>\n<p>Kada podnesete zahtjev elektronskim putem, mi \u0107emo vam dostaviti informacije elektronskim putem kad god je to mogu\u0107e, osim ako ne zatra\u017eite druga\u010dije. Ako postoji razumna sumnja u identitet osobe koja podnosi zahtjev u vezi s bilo kojim od njezinih prava, mo\u017eemo zatra\u017eiti davanje dodatnih informacija potrebnih za potvrdu identiteta osobe na koju se li\u010dni podaci odnose. Ako su zahtjevi pojedinca na kojeg se podaci odnose o\u010digledno neosnovani ili pretjerani, posebno zato \u0161to se ponavljaju, kompanija mo\u017ee: &#8211; naplatiti razumnu naknadu, uzimaju\u0107i u obzir administrativne tro\u0161kove pru\u017eanja informacija ili komunikacije ili provo\u0111enja potrebnih radnji, ili &#8211; odbiti postupanje po zahtjevu<\/p>\n<p>Pru\u017eamo vam sljede\u0107a prava u vezi s obradom va\u0161ih li\u010dnih podataka: (i) pravo na pristup podacima, (ii) pravo na ispravak, (iii) pravo na brisanje (&#8220;pravo na zaborav&#8221;), (iv) pravo na ograni\u010denje obrade podataka, (v) pravo na prijenos podataka, (vi) pravo na ugovor, (i) pravo na pristup podacima. Uvijek imate pravo znati i biti obavije\u0161teni da li se u vezi vas obra\u0111uju li\u010dni podaci obra\u0111uju i ako je tako, onda pristup li\u010dnim podacima uklju\u010duje sljede\u0107e: &#8211; svrhu obrade, &#8211; tip li\u010dnih podataka koji se obra\u0111uju &#8211; korisnike ili kategorije korisnika, koji su im otkrili ili \u0107e im otkriti li\u010dne podatke &#8211; predvi\u0111eni period \u010duvanja li\u010dnih podataka ili, ako to nije mogu\u0107e, kriterijume koji se koriste za odre\u0111ivanje tog perioda &#8211; postojanje prava i koje zahteva od kontrolora da ispravi ili izbri\u0161e li\u010dne podatke ili ograni\u010di obradu va\u0161ih li\u010dnih podataka, ili postojanje prava na prigovor na takvu obradu, &#8211; pravo na podno\u0161enje pritu\u017ebe nadzornom tijelu, &#8211; li\u010dni podaci se ne prikupljaju od vas, sve informacije su dostupne u vezi s njihovim izvorom (ii) pravom na ispravak Imate pravo ispraviti neta\u010dne li\u010dne podatke koji se odnose na vas bez nepotrebnog odlaganja i uzimaju\u0107i u obzir svrhe obrade, pravo na dopunu nepotpunih li\u010dnih podataka, uklju\u010duju\u0107i podno\u0161enje dopunske izjave. (iii) pravo na brisanje (&#8220;pravo na zaborav&#8221;) Imate pravo da izbri\u0161ete svoje li\u010dne podatke bez nepotrebnog odlaganja kada je to povezano sa jednim od sljede\u0107ih razloga: &#8211; kada li\u010dni podaci vi\u0161e nisu potrebni u svrhe za koje su prikupljeni ili na drugi na\u010din obra\u0111eni, &#8211; kada opozovete privolu na osnovu koje se podaci obra\u0111uju i ne postoji drugi pravni osnov za obradu, &#8211; ako se protivite obradi podataka i ne postoje potrebni opravdani razlozi za njihovu obradu, &#8211; kada su li\u010dni podaci obra\u0111eni nezakonito, &#8211; kada se li\u010dni podaci moraju izbrisati da bi se ispunila zakonska obaveza u skladu sa pravom EU ili slovena\u010dkim pravnim poretkom. (iv) pravo na ograni\u010denje obrade podataka Imate pravo ograni\u010diti obradu va\u0161ih li\u010dnih podataka u vezi s jednim od sljede\u0107ih slu\u010dajeva: &#8211; kada osporite ta\u010dnost podataka, tokom perioda koji nam omogu\u0107ava da provjerimo ta\u010dnost podataka li\u010dnih podataka, &#8211; obrada je nezakonita i vi se protivite brisanju li\u010dnih podataka i umjesto toga tra\u017eite ograni\u010denje njihove upotrebe, &#8211; vi\u0161e nam nisu potrebni va\u0161i li\u010dni podaci u svrhu obrade, ali su vam potrebni za uspostavljanje, kori\u0161tenje ili braniti pravne zahtjeve, &#8211; ako ste ulo\u017eili prigovor na obradu na osnovu legitimnih interesa kompanije dok se ne potvrdi da na\u0161i legitimni razlozi imaju prioritet u odnosu na va\u0161e razloge. Ako je obrada va\u0161ih li\u010dnih podataka ograni\u010dena u skladu sa prethodnim stavom, takvi li\u010dni podaci, osim njihovog pohranjivanja, obra\u0111ivat \u0107e se samo uz va\u0161 pristanak, bilo u svrhu ostvarivanja, provo\u0111enja ili obrane pravnih zahtjeva ili radi za\u0161tite prava drugog fizi\u010dkog ili pravnog lica. Du\u017eni smo vas obavijestiti prije ukidanja ograni\u010denja obrade va\u0161ih li\u010dnih podataka. (v) pravo na prijenos podataka Imate pravo da primite svoje li\u010dne podatke koji su nam dostavljeni u strukturiranom, \u010desto kori\u0161tenom i strojno \u010ditljivom obliku i pravo da proslijedite te podatke drugom voditelju obrade bez ometanja kompanije kada se obrada zasniva na va\u0161em pristanku, a obrada se obavlja automatizovanim sredstvima. Na va\u0161 zahtjev, kada je to tehni\u010dki izvodljivo, li\u010dni podaci mogu se prenijeti direktno drugom voditelju obrade podataka. (vi) Pravo na ugovor Kada obra\u0111ujemo va\u0161e podatke na osnovu legitimnog interesa u marketin\u0161ke svrhe, mo\u017eete se usprotiviti takvoj obradi u bilo kojem trenutku. Prestajemo s obradom va\u0161ih li\u010dnih podataka osim ako ne doka\u017eemo uvjerljive razloge za obradu koji prevazilaze va\u0161e interese, prava i slobode ili ako se radi o uspostavljanju, provo\u0111enju ili odbrani pravnih zahtjeva.<\/p>\n<p><strong>9) Pravo na podno\u0161enje prigovora na obradu li\u010dnih podataka<\/strong><\/p>\n<p>Eventualni prigovor na obradu va\u0161ih li\u010dnih podataka mo\u017eete poslati na e-mail adresu: upit@activeluxe-cosmetics.com ili po\u0161tom na adresu<\/p>\n<div>Medilip Adria B d.o.o.<\/div>\n<div>Poljavnice 325<\/div>\n<div>Novi Grad<\/div>\n<p>U slu\u010daju da o va\u0161em zahtjevu ne odlu\u010dimo u zakonskom roku ili ako va\u0161 zahtjev odbijemo, imate mogu\u0107nost podno\u0161enja prigovora Povjereniku za informacije. Tako\u0111e imate pravo da ulo\u017eite pritu\u017ebu direktno Povjereniku za informacije ako smatrate da se obradom va\u0161ih li\u010dnih podataka kr\u0161i EU regulativa u oblasti za\u0161tite li\u010dnih podataka. Ako ste iskoristili svoje pravo na pristup podacima i nakon prijema odluke smatrate da li\u010dni podaci koje ste dobili nisu li\u010dni podaci koje ste tra\u017eili ili da niste dobili sve tra\u017eene li\u010dne podatke, mo\u017eete obrazlo\u017eenu \u017ealbu podnijeti kompanijinom Povjereniku za informacije u roku od 15 dana. O va\u0161oj \u017ealbi moramo odlu\u010diti kao o novom zahtjevu u roku od pet radnih dana.<\/p>\n<p><strong>10) Zavr\u0161ne odredbe<\/strong><\/p>\n<p>Sve \u0161to nije obuhva\u0107eno ovom Politikom privatnosti podlije\u017ee va\u017ee\u0107em zakonu. Kompanija zadr\u017eava pravo izmjene ove Politike privatnosti. O izmjeni \u0107emo vas obavijestiti objavljivanjem na slu\u017ebenoj web stranici kompanije Medilip Adria B d.o.o. 30 dana prije stupanja na snagu. U slu\u010daju pitanja o politici privatnosti ili o podacima koje imamo o vama, pi\u0161ite nam na e-mail adresu upit@activeluxe-cosmetics.com<\/p>\n<p><strong>11) Va\u017eenje Politike privatnosti<\/strong><\/p>\n<p>Ova Politika privatnosti objavljena je na web stranici Active Luxe Cosmetics i stupa na snagu od 01.06.2024.. Medilip Adria B d.o.o.<\/p>\n<p>\u00a0<\/p>\n\t\t\t<\/div>\n\t\n\n\t\t<\/div>\n\t\t\t\t\t<\/div>\n\n\t\n\n<\/div>\n\n\t\t<\/div>\n\n\t\t\n<style>\n#section_2023492724 {\n  padding-top: 30px;\n  padding-bottom: 30px;\n}\n<\/style>\n\t<\/section>\n\t\n\n","protected":false},"excerpt":{"rendered":"","protected":false},"author":6,"featured_media":0,"parent":0,"menu_order":0,"comment_status":"closed","ping_status":"closed","template":"","meta":{"footnotes":""},"class_list":["post-80934","page","type-page","status-publish","hentry"],"acf":[],"yoast_head":"<!-- This site is optimized with the Yoast SEO plugin v26.5 - https:\/\/yoast.com\/wordpress\/plugins\/seo\/ -->\n<title>Politika privatnosti - Active Luxe Cosmetics<\/title>\n<meta name=\"robots\" content=\"index, follow, max-snippet:-1, max-image-preview:large, max-video-preview:-1\" \/>\n<link rel=\"canonical\" href=\"https:\/\/activeluxe-cosmetics.com\/ba\/pravilnik-o-privatnosti\/\" \/>\n<meta property=\"og:locale\" content=\"hr_HR\" \/>\n<meta property=\"og:type\" content=\"article\" \/>\n<meta property=\"og:title\" content=\"Politika privatnosti - Active Luxe Cosmetics\" \/>\n<meta property=\"og:url\" content=\"https:\/\/activeluxe-cosmetics.com\/ba\/pravilnik-o-privatnosti\/\" \/>\n<meta property=\"og:site_name\" content=\"Active Luxe Cosmetics\" \/>\n<meta property=\"article:modified_time\" content=\"2025-01-13T14:29:00+00:00\" \/>\n<meta name=\"twitter:card\" content=\"summary_large_image\" \/>\n<script type=\"application\/ld+json\" class=\"yoast-schema-graph\">{\"@context\":\"https:\/\/schema.org\",\"@graph\":[{\"@type\":\"WebPage\",\"@id\":\"https:\/\/activeluxe-cosmetics.com\/ba\/pravilnik-o-privatnosti\/\",\"url\":\"https:\/\/activeluxe-cosmetics.com\/ba\/pravilnik-o-privatnosti\/\",\"name\":\"Politika privatnosti - Active Luxe Cosmetics\",\"isPartOf\":{\"@id\":\"https:\/\/activeluxe-cosmetics.com\/ba\/#website\"},\"datePublished\":\"2024-01-29T12:38:17+00:00\",\"dateModified\":\"2025-01-13T14:29:00+00:00\",\"breadcrumb\":{\"@id\":\"https:\/\/activeluxe-cosmetics.com\/ba\/pravilnik-o-privatnosti\/#breadcrumb\"},\"inLanguage\":\"hr\",\"potentialAction\":[{\"@type\":\"ReadAction\",\"target\":[\"https:\/\/activeluxe-cosmetics.com\/ba\/pravilnik-o-privatnosti\/\"]}]},{\"@type\":\"BreadcrumbList\",\"@id\":\"https:\/\/activeluxe-cosmetics.com\/ba\/pravilnik-o-privatnosti\/#breadcrumb\",\"itemListElement\":[{\"@type\":\"ListItem\",\"position\":1,\"name\":\"Naslovnica\",\"item\":\"https:\/\/activeluxe-cosmetics.com\/ba\/\"},{\"@type\":\"ListItem\",\"position\":2,\"name\":\"Politika privatnosti\"}]},{\"@type\":\"WebSite\",\"@id\":\"https:\/\/activeluxe-cosmetics.com\/ba\/#website\",\"url\":\"https:\/\/activeluxe-cosmetics.com\/ba\/\",\"name\":\"Active Luxe Cosmetics\",\"description\":\"\",\"potentialAction\":[{\"@type\":\"SearchAction\",\"target\":{\"@type\":\"EntryPoint\",\"urlTemplate\":\"https:\/\/activeluxe-cosmetics.com\/ba\/?s={search_term_string}\"},\"query-input\":{\"@type\":\"PropertyValueSpecification\",\"valueRequired\":true,\"valueName\":\"search_term_string\"}}],\"inLanguage\":\"hr\"}]}<\/script>\n<!-- \/ Yoast SEO plugin. -->","yoast_head_json":{"title":"Politika privatnosti - Active Luxe Cosmetics","robots":{"index":"index","follow":"follow","max-snippet":"max-snippet:-1","max-image-preview":"max-image-preview:large","max-video-preview":"max-video-preview:-1"},"canonical":"https:\/\/activeluxe-cosmetics.com\/ba\/pravilnik-o-privatnosti\/","og_locale":"hr_HR","og_type":"article","og_title":"Politika privatnosti - Active Luxe Cosmetics","og_url":"https:\/\/activeluxe-cosmetics.com\/ba\/pravilnik-o-privatnosti\/","og_site_name":"Active Luxe Cosmetics","article_modified_time":"2025-01-13T14:29:00+00:00","twitter_card":"summary_large_image","schema":{"@context":"https:\/\/schema.org","@graph":[{"@type":"WebPage","@id":"https:\/\/activeluxe-cosmetics.com\/ba\/pravilnik-o-privatnosti\/","url":"https:\/\/activeluxe-cosmetics.com\/ba\/pravilnik-o-privatnosti\/","name":"Politika privatnosti - Active Luxe Cosmetics","isPartOf":{"@id":"https:\/\/activeluxe-cosmetics.com\/ba\/#website"},"datePublished":"2024-01-29T12:38:17+00:00","dateModified":"2025-01-13T14:29:00+00:00","breadcrumb":{"@id":"https:\/\/activeluxe-cosmetics.com\/ba\/pravilnik-o-privatnosti\/#breadcrumb"},"inLanguage":"hr","potentialAction":[{"@type":"ReadAction","target":["https:\/\/activeluxe-cosmetics.com\/ba\/pravilnik-o-privatnosti\/"]}]},{"@type":"BreadcrumbList","@id":"https:\/\/activeluxe-cosmetics.com\/ba\/pravilnik-o-privatnosti\/#breadcrumb","itemListElement":[{"@type":"ListItem","position":1,"name":"Naslovnica","item":"https:\/\/activeluxe-cosmetics.com\/ba\/"},{"@type":"ListItem","position":2,"name":"Politika privatnosti"}]},{"@type":"WebSite","@id":"https:\/\/activeluxe-cosmetics.com\/ba\/#website","url":"https:\/\/activeluxe-cosmetics.com\/ba\/","name":"Active Luxe Cosmetics","description":"","potentialAction":[{"@type":"SearchAction","target":{"@type":"EntryPoint","urlTemplate":"https:\/\/activeluxe-cosmetics.com\/ba\/?s={search_term_string}"},"query-input":{"@type":"PropertyValueSpecification","valueRequired":true,"valueName":"search_term_string"}}],"inLanguage":"hr"}]}},"_links":{"self":[{"href":"https:\/\/activeluxe-cosmetics.com\/ba\/wp-json\/wp\/v2\/pages\/80934","targetHints":{"allow":["GET"]}}],"collection":[{"href":"https:\/\/activeluxe-cosmetics.com\/ba\/wp-json\/wp\/v2\/pages"}],"about":[{"href":"https:\/\/activeluxe-cosmetics.com\/ba\/wp-json\/wp\/v2\/types\/page"}],"author":[{"embeddable":true,"href":"https:\/\/activeluxe-cosmetics.com\/ba\/wp-json\/wp\/v2\/users\/6"}],"replies":[{"embeddable":true,"href":"https:\/\/activeluxe-cosmetics.com\/ba\/wp-json\/wp\/v2\/comments?post=80934"}],"version-history":[{"count":11,"href":"https:\/\/activeluxe-cosmetics.com\/ba\/wp-json\/wp\/v2\/pages\/80934\/revisions"}],"predecessor-version":[{"id":82064,"href":"https:\/\/activeluxe-cosmetics.com\/ba\/wp-json\/wp\/v2\/pages\/80934\/revisions\/82064"}],"wp:attachment":[{"href":"https:\/\/activeluxe-cosmetics.com\/ba\/wp-json\/wp\/v2\/media?parent=80934"}],"curies":[{"name":"wp","href":"https:\/\/api.w.org\/{rel}","templated":true}]}}