{"id":80919,"date":"2024-01-29T12:15:13","date_gmt":"2024-01-29T12:15:13","guid":{"rendered":"https:\/\/activeluxe-cosmetics.com\/ba\/?page_id=80919"},"modified":"2026-03-19T08:55:27","modified_gmt":"2026-03-19T07:55:27","slug":"cesto-postavljana-pitanja","status":"publish","type":"page","link":"https:\/\/activeluxe-cosmetics.com\/ba\/cesto-postavljana-pitanja\/","title":{"rendered":"\u010cesto postavljana pitanja"},"content":{"rendered":"\n\t<section class=\"section al-page-title-section\" id=\"section_1752197072\">\n\t\t<div class=\"bg section-bg fill bg-fill  bg-loaded\" >\n\n\t\t\t\n\t\t\t\n\t\t\t\n\n\t\t<\/div>\n\n\t\t\n\n\t\t<div class=\"section-content relative\">\n\t\t\t\n\n<div class=\"row\"  id=\"row-1461935893\">\n\n\n\t<div id=\"col-662875910\" class=\"col small-12 large-12\"  >\n\t\t\t\t<div class=\"col-inner\"  >\n\t\t\t\n\t\t\t\n\n\t<div id=\"text-2021717048\" class=\"text al-p-48\">\n\t\t\n\n<h2>\u010cesto postavljana pitanja<\/h2>\n\t\t\n<style>\n#text-2021717048 {\n  text-align: center;\n}\n<\/style>\n\t<\/div>\n\t\n\n\t\t<\/div>\n\t\t\t\t\t<\/div>\n\n\t\n\n<\/div>\n\n\t\t<\/div>\n\n\t\t\n<style>\n#section_1752197072 {\n  padding-top: 50px;\n  padding-bottom: 50px;\n}\n<\/style>\n\t<\/section>\n\t\n\t<section class=\"section\" id=\"section_1717202645\">\n\t\t<div class=\"bg section-bg fill bg-fill  bg-loaded\" >\n\n\t\t\t\n\t\t\t\n\t\t\t\n\n\t\t<\/div>\n\n\t\t\n\n\t\t<div class=\"section-content relative\">\n\t\t\t\n\n<div class=\"row\"  id=\"row-901465944\">\n\n\n\t<div id=\"col-1246789249\" class=\"col small-12 large-12\"  >\n\t\t\t\t<div class=\"col-inner\"  >\n\t\t\t\n\t\t\t\n\n<div class=\"accordion\">\n\n\t<div id=\"accordion-3134965390\" class=\"accordion-item\">\n\t\t<a id=\"accordion-3134965390-label\" class=\"accordion-title plain\" href=\"#accordion-item-\u0160ta-ako-nisam-zadovoljan\/na-proizvodom-\u2013-mogu-li-podnijeti-reklamaciju?\" aria-expanded=\"false\" aria-controls=\"accordion-3134965390-content\" >\n\t\t\t<button class=\"toggle\" aria-label=\"Toggle\"><i class=\"icon-angle-down\"><\/i><\/button>\n\t\t\t<span>\u0160ta ako nisam zadovoljan\/na proizvodom \u2013 mogu li podnijeti reklamaciju?<\/span>\n\t\t<\/a>\n\t\t<div id=\"accordion-3134965390-content\" class=\"accordion-inner\" aria-labelledby=\"accordion-3134965390-label\" >\n\t\t\t\n\n<p data-start=\"79\" data-end=\"172\">Naravno. Ukoliko smatrate da proizvod ima materijalni nedostatak, imate pravo na reklamaciju.<\/p>\n<p data-start=\"174\" data-end=\"215\">Da biste ostvarili to pravo, potrebno je:<\/p>\n<ul data-start=\"216\" data-end=\"361\">\n<li data-section-id=\"ffgyot\" data-start=\"216\" data-end=\"255\">\n<p data-start=\"218\" data-end=\"255\">popuniti <a href=\"https:\/\/activeluxe-cosmetics.com\/ba\/wp-content\/uploads\/2026\/03\/3.-porocilo.docx\"><strong data-start=\"227\" data-end=\"253\">OBRAZAC za reklamaciju<\/strong><\/a><\/p>\n<\/li>\n<li data-section-id=\"xhf0xx\" data-start=\"256\" data-end=\"306\">\n<p data-start=\"258\" data-end=\"306\">poslati proizvod na koji se reklamacija odnosi<\/p>\n<\/li>\n<li data-section-id=\"3w9joy\" data-start=\"307\" data-end=\"361\">\n<p data-start=\"309\" data-end=\"361\">prilo\u017eiti <strong data-start=\"319\" data-end=\"339\">vanjsku ambala\u017eu<\/strong> i <strong data-start=\"342\" data-end=\"359\">kopiju ra\u010duna<\/strong><\/p>\n<\/li>\n<\/ul>\n<p data-start=\"363\" data-end=\"439\">Sve navedeno potrebno je poslati na adresu koja je navedena u samom obrascu.<\/p>\n<p data-start=\"441\" data-end=\"531\" data-is-last-node=\"\" data-is-only-node=\"\">Nakon zaprimanja, va\u0161a reklamacija \u0107e biti pregledana i rije\u0161ena u najkra\u0107em mogu\u0107em roku.<\/p>\n\n\t\t<\/div>\n\t<\/div>\n\t\n\t<div id=\"accordion-699580438\" class=\"accordion-item\">\n\t\t<a id=\"accordion-699580438-label\" class=\"accordion-title plain\" href=\"#accordion-item-da-li-active-luxe-serum-za-rast-trepavica-mogu-koristiti-trudnice-i-dojilje?\" aria-expanded=\"false\" aria-controls=\"accordion-699580438-content\" >\n\t\t\t<button class=\"toggle\" aria-label=\"Toggle\"><i class=\"icon-angle-down\"><\/i><\/button>\n\t\t\t<span>Da li Active luxe serum za rast trepavica mogu koristiti trudnice i dojilje?<\/span>\n\t\t<\/a>\n\t\t<div id=\"accordion-699580438-content\" class=\"accordion-inner\" aria-labelledby=\"accordion-699580438-label\" >\n\t\t\t\n\n<p>Active Luxe serum za rast trepavica nije testiran za upotrebu na trudnicama i dojiljama iz eti\u010dkih razloga, pa ne preporu\u010dujemo kori\u0161tenje u tim slu\u010dajevima.<\/p>\n\n\t\t<\/div>\n\t<\/div>\n\t\n\t<div id=\"accordion-3617157215\" class=\"accordion-item\">\n\t\t<a id=\"accordion-3617157215-label\" class=\"accordion-title plain\" href=\"#accordion-item-da-li-je-active-luxe-serum-prikladan-za-vegane?\" aria-expanded=\"false\" aria-controls=\"accordion-3617157215-content\" >\n\t\t\t<button class=\"toggle\" aria-label=\"Toggle\"><i class=\"icon-angle-down\"><\/i><\/button>\n\t\t\t<span>Da li je Active luxe serum prikladan za vegane?<\/span>\n\t\t<\/a>\n\t\t<div id=\"accordion-3617157215-content\" class=\"accordion-inner\" aria-labelledby=\"accordion-3617157215-label\" >\n\t\t\t\n\n<p>Da, proizvod je prikladan i za vegane.<\/p>\n\n\t\t<\/div>\n\t<\/div>\n\t\n\t<div id=\"accordion-3485665926\" class=\"accordion-item\">\n\t\t<a id=\"accordion-3485665926-label\" class=\"accordion-title plain\" href=\"#accordion-item-koliko-dugo-traje-active-luxe-brow-serum?\" aria-expanded=\"false\" aria-controls=\"accordion-3485665926-content\" >\n\t\t\t<button class=\"toggle\" aria-label=\"Toggle\"><i class=\"icon-angle-down\"><\/i><\/button>\n\t\t\t<span>Koliko dugo traje Active Luxe brow serum?<\/span>\n\t\t<\/a>\n\t\t<div id=\"accordion-3485665926-content\" class=\"accordion-inner\" aria-labelledby=\"accordion-3485665926-label\" >\n\t\t\t\n\n<p>Ako koristite Active Luxe serum za obrve kako je navedeno u uputstvu, 2 ml te\u010dnosti je dovoljno za period od 5-7 sedmica.<\/p>\n\n\t\t<\/div>\n\t<\/div>\n\t\n\t<div id=\"accordion-3893043831\" class=\"accordion-item\">\n\t\t<a id=\"accordion-3893043831-label\" class=\"accordion-title plain\" href=\"#accordion-item-\u0160ta-se-de\u0161ava-kada-prestanem-koristiti-active-luxe-brow?\" aria-expanded=\"false\" aria-controls=\"accordion-3893043831-content\" >\n\t\t\t<button class=\"toggle\" aria-label=\"Toggle\"><i class=\"icon-angle-down\"><\/i><\/button>\n\t\t\t<span>\u0160ta se de\u0161ava kada prestanem koristiti Active Luxe brow?<\/span>\n\t\t<\/a>\n\t\t<div id=\"accordion-3893043831-content\" class=\"accordion-inner\" aria-labelledby=\"accordion-3893043831-label\" >\n\t\t\t\n\n<p>Ciklus rasta i karakteristike obrva su genetski uslovljeni i razlikuju se od pojedinca do pojedinca. Sa Active Luxe brow serumom stimuli\u0161emo rast obrva da bi one postale ja\u010de i punije. Ako prestanete koristiti Active Luxe brow, ciklus rasta obrva \u0107e se vratiti na svoj prirodni nivo. Ako \u017eelite zadr\u017eati postignutu puno\u0107u i gustinu obrva, preporu\u010dujemo da nastavite koristiti Active Luxe brow. Za odr\u017eavanje \u017eeljenih rezultata dovoljno je nanositi 1-2 puta sedmi\u010dno.<\/p>\n\n\t\t<\/div>\n\t<\/div>\n\t\n\t<div id=\"accordion-2951133131\" class=\"accordion-item\">\n\t\t<a id=\"accordion-2951133131-label\" class=\"accordion-title plain\" href=\"#accordion-item-mogu-li-active-luxe-brow-serum-slobodno-nanijeti-i-na-kapke?-ho\u0107u-li-imati-du\u017ee-trepavice?\" aria-expanded=\"false\" aria-controls=\"accordion-2951133131-content\" >\n\t\t\t<button class=\"toggle\" aria-label=\"Toggle\"><i class=\"icon-angle-down\"><\/i><\/button>\n\t\t\t<span>Mogu li Active Luxe brow serum slobodno nanijeti i na kapke? Ho\u0107u li imati du\u017ee trepavice?<\/span>\n\t\t<\/a>\n\t\t<div id=\"accordion-2951133131-content\" class=\"accordion-inner\" aria-labelledby=\"accordion-2951133131-label\" >\n\t\t\t\n\n<p>Sastojci Active Luxe brow seruma prilago\u0111eni su ko\u017ei i dlakama u podru\u010dju obrva i bili bi preintenzivni za kapke. Zato ne preporu\u010dujemo nano\u0161enje Active Luxe brow seruma na kapke.<\/p>\n\n\t\t<\/div>\n\t<\/div>\n\t\n\t<div id=\"accordion-3545498079\" class=\"accordion-item\">\n\t\t<a id=\"accordion-3545498079-label\" class=\"accordion-title plain\" href=\"#accordion-item-mo\u017ee-li-se-active-luxe-serum-za-trepavice-koristiti-za-oblikovanje-tankih-i-rijetkih-obrva?\" aria-expanded=\"false\" aria-controls=\"accordion-3545498079-content\" >\n\t\t\t<button class=\"toggle\" aria-label=\"Toggle\"><i class=\"icon-angle-down\"><\/i><\/button>\n\t\t\t<span>Mo\u017ee li se Active Luxe serum za trepavice koristiti za oblikovanje tankih i rijetkih obrva?<\/span>\n\t\t<\/a>\n\t\t<div id=\"accordion-3545498079-content\" class=\"accordion-inner\" aria-labelledby=\"accordion-3545498079-label\" >\n\t\t\t\n\n<p>Da. Active Luxe serum za trepavice je prikladan i za obrve. Me\u0111utim, ako \u017eelite br\u017ee posti\u0107i rezultate, preporu\u010dujemo proizvod Active Luxe BROW koji je namijenjen upravo za njegu obrva.<\/p>\n\n\t\t<\/div>\n\t<\/div>\n\t\n\t<div id=\"accordion-3974062118\" class=\"accordion-item\">\n\t\t<a id=\"accordion-3974062118-label\" class=\"accordion-title plain\" href=\"#accordion-item-ho\u0107u-li-posti\u0107i-br\u017ee-rezultate-ako-active-luxe-serum-za-trepavice-koristim-nekoliko-puta-dnevno?\" aria-expanded=\"false\" aria-controls=\"accordion-3974062118-content\" >\n\t\t\t<button class=\"toggle\" aria-label=\"Toggle\"><i class=\"icon-angle-down\"><\/i><\/button>\n\t\t\t<span>Ho\u0107u li posti\u0107i br\u017ee rezultate ako Active Luxe serum za trepavice koristim nekoliko puta dnevno?<\/span>\n\t\t<\/a>\n\t\t<div id=\"accordion-3974062118-content\" class=\"accordion-inner\" aria-labelledby=\"accordion-3974062118-label\" >\n\t\t\t\n\n<p>\u010ce\u0161\u0107a upotreba nije neophodna jer aktivna formula Active Luxe zadovoljava sve dnevne potrebe za aktivnim sastojcima.<\/p>\n\n\t\t<\/div>\n\t<\/div>\n\t\n\t<div id=\"accordion-126261317\" class=\"accordion-item\">\n\t\t<a id=\"accordion-126261317-label\" class=\"accordion-title plain\" href=\"#accordion-item-kada-je-najbolje-vrijeme-za-kori\u0161tenje-active-luxe-seruma-za-trepavice?\" aria-expanded=\"false\" aria-controls=\"accordion-126261317-content\" >\n\t\t\t<button class=\"toggle\" aria-label=\"Toggle\"><i class=\"icon-angle-down\"><\/i><\/button>\n\t\t\t<span>Kada je najbolje vrijeme za kori\u0161tenje Active Luxe seruma za trepavice?<\/span>\n\t\t<\/a>\n\t\t<div id=\"accordion-126261317-content\" class=\"accordion-inner\" aria-labelledby=\"accordion-126261317-label\" >\n\t\t\t\n\n<p>Trepavice najbr\u017ee rastu no\u0107u, pa je Active Luxe serum za trepavice najbolje koristiti uve\u010de.<\/p>\n\n\t\t<\/div>\n\t<\/div>\n\t\n\t<div id=\"accordion-1764597248\" class=\"accordion-item\">\n\t\t<a id=\"accordion-1764597248-label\" class=\"accordion-title plain\" href=\"#accordion-item-koliko-dugo-traje-jedno-pakovanje-active-luxe-seruma-za-trepavice?\" aria-expanded=\"false\" aria-controls=\"accordion-1764597248-content\" >\n\t\t\t<button class=\"toggle\" aria-label=\"Toggle\"><i class=\"icon-angle-down\"><\/i><\/button>\n\t\t\t<span>Koliko dugo traje jedno pakovanje Active Luxe seruma za trepavice?<\/span>\n\t\t<\/a>\n\t\t<div id=\"accordion-1764597248-content\" class=\"accordion-inner\" aria-labelledby=\"accordion-1764597248-label\" >\n\t\t\t\n\n<p>Ako proizvod koristite prema uputstvu, 1,5 ml Active Luxe seruma je dovoljno za 6-8 sedmica.<\/p>\n\n\t\t<\/div>\n\t<\/div>\n\t\n\t<div id=\"accordion-1278625353\" class=\"accordion-item\">\n\t\t<a id=\"accordion-1278625353-label\" class=\"accordion-title plain\" href=\"#accordion-item-\u0160ta-se-de\u0161ava-kada-prestanem-koristiti-active-luxe-serum-za-trepavice?\" aria-expanded=\"false\" aria-controls=\"accordion-1278625353-content\" >\n\t\t\t<button class=\"toggle\" aria-label=\"Toggle\"><i class=\"icon-angle-down\"><\/i><\/button>\n\t\t\t<span>\u0160ta se de\u0161ava kada prestanem koristiti Active Luxe serum za trepavice?<\/span>\n\t\t<\/a>\n\t\t<div id=\"accordion-1278625353-content\" class=\"accordion-inner\" aria-labelledby=\"accordion-1278625353-label\" >\n\t\t\t\n\n<p>Kao dlake i kosa, trepavice prolaze kroz razli\u010dite faze: fazu rasta, fazu mirovanja i fazu ispadanja. Trepavica obi\u010dno ispada nakon 3-5 mjeseci i nakon kratkog perioda mirovanja iz folikula izrasta nova trepavica. Active Luxe produ\u017eava fazu rasta trepavice, ali ne ometa prirodni ciklus rasta\/mirovanja\/ispadanja. Zato mo\u017eete o\u010dekivati da \u0107e nakon prestanka kori\u0161tenja proizvoda va\u0161e trepavice otprilike 3-6 mjeseci biti osjetno du\u017ee, gu\u0161\u0107e i ja\u010de. Ako \u017eelite zadr\u017eati postignutu du\u017einu i gustinu trepavica, preporu\u010dujemo da nastavite sa upotrebom Active Luxe proizvoda tako da Active Luxe nanesete svaka 2-3 dana.<\/p>\n\n\t\t<\/div>\n\t<\/div>\n\t\n\n<\/div>\n\n\t\t<\/div>\n\t\t\t\t\t<\/div>\n\n\t\n\n<\/div>\n\n\t\t<\/div>\n\n\t\t\n<style>\n#section_1717202645 {\n  padding-top: 30px;\n  padding-bottom: 30px;\n}\n<\/style>\n\t<\/section>\n\t\n\n","protected":false},"excerpt":{"rendered":"","protected":false},"author":6,"featured_media":0,"parent":0,"menu_order":0,"comment_status":"closed","ping_status":"closed","template":"","meta":{"footnotes":""},"class_list":["post-80919","page","type-page","status-publish","hentry"],"acf":[],"yoast_head":"<!-- This site is optimized with the Yoast SEO plugin v26.5 - https:\/\/yoast.com\/wordpress\/plugins\/seo\/ -->\n<title>\u010cesto postavljana pitanja - Active Luxe Cosmetics<\/title>\n<meta name=\"robots\" content=\"index, follow, max-snippet:-1, max-image-preview:large, max-video-preview:-1\" \/>\n<link rel=\"canonical\" href=\"https:\/\/activeluxe-cosmetics.com\/ba\/cesto-postavljana-pitanja\/\" \/>\n<meta property=\"og:locale\" content=\"hr_HR\" \/>\n<meta property=\"og:type\" content=\"article\" \/>\n<meta property=\"og:title\" content=\"\u010cesto postavljana pitanja - Active Luxe Cosmetics\" \/>\n<meta property=\"og:url\" content=\"https:\/\/activeluxe-cosmetics.com\/ba\/cesto-postavljana-pitanja\/\" \/>\n<meta property=\"og:site_name\" content=\"Active Luxe Cosmetics\" \/>\n<meta property=\"article:modified_time\" content=\"2026-03-19T07:55:27+00:00\" \/>\n<meta name=\"twitter:card\" content=\"summary_large_image\" \/>\n<script type=\"application\/ld+json\" class=\"yoast-schema-graph\">{\"@context\":\"https:\/\/schema.org\",\"@graph\":[{\"@type\":\"WebPage\",\"@id\":\"https:\/\/activeluxe-cosmetics.com\/ba\/cesto-postavljana-pitanja\/\",\"url\":\"https:\/\/activeluxe-cosmetics.com\/ba\/cesto-postavljana-pitanja\/\",\"name\":\"\u010cesto postavljana pitanja - Active Luxe Cosmetics\",\"isPartOf\":{\"@id\":\"https:\/\/activeluxe-cosmetics.com\/ba\/#website\"},\"datePublished\":\"2024-01-29T12:15:13+00:00\",\"dateModified\":\"2026-03-19T07:55:27+00:00\",\"breadcrumb\":{\"@id\":\"https:\/\/activeluxe-cosmetics.com\/ba\/cesto-postavljana-pitanja\/#breadcrumb\"},\"inLanguage\":\"hr\",\"potentialAction\":[{\"@type\":\"ReadAction\",\"target\":[\"https:\/\/activeluxe-cosmetics.com\/ba\/cesto-postavljana-pitanja\/\"]}]},{\"@type\":\"BreadcrumbList\",\"@id\":\"https:\/\/activeluxe-cosmetics.com\/ba\/cesto-postavljana-pitanja\/#breadcrumb\",\"itemListElement\":[{\"@type\":\"ListItem\",\"position\":1,\"name\":\"Naslovnica\",\"item\":\"https:\/\/activeluxe-cosmetics.com\/ba\/\"},{\"@type\":\"ListItem\",\"position\":2,\"name\":\"\u010cesto postavljana pitanja\"}]},{\"@type\":\"WebSite\",\"@id\":\"https:\/\/activeluxe-cosmetics.com\/ba\/#website\",\"url\":\"https:\/\/activeluxe-cosmetics.com\/ba\/\",\"name\":\"Active Luxe Cosmetics\",\"description\":\"\",\"potentialAction\":[{\"@type\":\"SearchAction\",\"target\":{\"@type\":\"EntryPoint\",\"urlTemplate\":\"https:\/\/activeluxe-cosmetics.com\/ba\/?s={search_term_string}\"},\"query-input\":{\"@type\":\"PropertyValueSpecification\",\"valueRequired\":true,\"valueName\":\"search_term_string\"}}],\"inLanguage\":\"hr\"}]}<\/script>\n<!-- \/ Yoast SEO plugin. -->","yoast_head_json":{"title":"\u010cesto postavljana pitanja - Active Luxe Cosmetics","robots":{"index":"index","follow":"follow","max-snippet":"max-snippet:-1","max-image-preview":"max-image-preview:large","max-video-preview":"max-video-preview:-1"},"canonical":"https:\/\/activeluxe-cosmetics.com\/ba\/cesto-postavljana-pitanja\/","og_locale":"hr_HR","og_type":"article","og_title":"\u010cesto postavljana pitanja - Active Luxe Cosmetics","og_url":"https:\/\/activeluxe-cosmetics.com\/ba\/cesto-postavljana-pitanja\/","og_site_name":"Active Luxe Cosmetics","article_modified_time":"2026-03-19T07:55:27+00:00","twitter_card":"summary_large_image","schema":{"@context":"https:\/\/schema.org","@graph":[{"@type":"WebPage","@id":"https:\/\/activeluxe-cosmetics.com\/ba\/cesto-postavljana-pitanja\/","url":"https:\/\/activeluxe-cosmetics.com\/ba\/cesto-postavljana-pitanja\/","name":"\u010cesto postavljana pitanja - Active Luxe Cosmetics","isPartOf":{"@id":"https:\/\/activeluxe-cosmetics.com\/ba\/#website"},"datePublished":"2024-01-29T12:15:13+00:00","dateModified":"2026-03-19T07:55:27+00:00","breadcrumb":{"@id":"https:\/\/activeluxe-cosmetics.com\/ba\/cesto-postavljana-pitanja\/#breadcrumb"},"inLanguage":"hr","potentialAction":[{"@type":"ReadAction","target":["https:\/\/activeluxe-cosmetics.com\/ba\/cesto-postavljana-pitanja\/"]}]},{"@type":"BreadcrumbList","@id":"https:\/\/activeluxe-cosmetics.com\/ba\/cesto-postavljana-pitanja\/#breadcrumb","itemListElement":[{"@type":"ListItem","position":1,"name":"Naslovnica","item":"https:\/\/activeluxe-cosmetics.com\/ba\/"},{"@type":"ListItem","position":2,"name":"\u010cesto postavljana pitanja"}]},{"@type":"WebSite","@id":"https:\/\/activeluxe-cosmetics.com\/ba\/#website","url":"https:\/\/activeluxe-cosmetics.com\/ba\/","name":"Active Luxe Cosmetics","description":"","potentialAction":[{"@type":"SearchAction","target":{"@type":"EntryPoint","urlTemplate":"https:\/\/activeluxe-cosmetics.com\/ba\/?s={search_term_string}"},"query-input":{"@type":"PropertyValueSpecification","valueRequired":true,"valueName":"search_term_string"}}],"inLanguage":"hr"}]}},"_links":{"self":[{"href":"https:\/\/activeluxe-cosmetics.com\/ba\/wp-json\/wp\/v2\/pages\/80919","targetHints":{"allow":["GET"]}}],"collection":[{"href":"https:\/\/activeluxe-cosmetics.com\/ba\/wp-json\/wp\/v2\/pages"}],"about":[{"href":"https:\/\/activeluxe-cosmetics.com\/ba\/wp-json\/wp\/v2\/types\/page"}],"author":[{"embeddable":true,"href":"https:\/\/activeluxe-cosmetics.com\/ba\/wp-json\/wp\/v2\/users\/6"}],"replies":[{"embeddable":true,"href":"https:\/\/activeluxe-cosmetics.com\/ba\/wp-json\/wp\/v2\/comments?post=80919"}],"version-history":[{"count":10,"href":"https:\/\/activeluxe-cosmetics.com\/ba\/wp-json\/wp\/v2\/pages\/80919\/revisions"}],"predecessor-version":[{"id":84105,"href":"https:\/\/activeluxe-cosmetics.com\/ba\/wp-json\/wp\/v2\/pages\/80919\/revisions\/84105"}],"wp:attachment":[{"href":"https:\/\/activeluxe-cosmetics.com\/ba\/wp-json\/wp\/v2\/media?parent=80919"}],"curies":[{"name":"wp","href":"https:\/\/api.w.org\/{rel}","templated":true}]}}